{"id":1238,"date":"2025-06-20T12:47:18","date_gmt":"2025-06-20T10:47:18","guid":{"rendered":"https:\/\/dev.lugano-airport.berta-bewegt.ch\/privacy-policy\/"},"modified":"2025-09-22T16:11:16","modified_gmt":"2025-09-22T14:11:16","slug":"privacy-policy","status":"publish","type":"page","link":"https:\/\/luganoairport.ch\/it\/privacy-policy\/","title":{"rendered":"Privacy policy"},"content":{"rendered":"\n<h4 class=\"wp-block-heading\"><strong>Esclusione di garanzie e responsabilit\u00e0<\/strong><\/h4>\n\n\n\n<p>Tutte le informazioni presenti sul sito web di Lugano Airport, in particolare quelle relative ai prezzi e agli orari di arrivo e partenza, sono elaborate con la massima cura e fornite a solo scopo informativo generale. Lugano Airport non garantisce la completezza, la correttezza o l&#8217;accuratezza delle informazioni presenti su questo sito web e non \u00e8 responsabile per eventuali perdite o danni diretti o indiretti derivanti dall&#8217;uso delle informazioni o dei documenti in esso contenuti.&nbsp;<\/p>\n\n\n\n<p>Inoltre, Lugano Airport declina espressamente ogni responsabilit\u00e0 per la pubblicazione di informazioni errate o per ritardi nella correzione di tali informazioni.<\/p>\n\n\n\n<h4 class=\"wp-block-heading\">Link<\/h4>\n\n\n\n<p>Questo sito web contiene offerte di informazioni di terzi e collegamenti ipertestuali a siti web di terzi. Lugano Airport non ha alcuna influenza sul contenuto o sulle offerte di tali siti web e declina pertanto ogni responsabilit\u00e0 per il loro design, contenuto e offerte. La responsabilit\u00e0 per tali offerte e siti web ricade esclusivamente sui gestori e fornitori in questione. Salvo che non vi siano indicazioni di violazioni della legge, l&#8217;aeroporto di Lugano non \u00e8 in grado di controllare tali siti web e offerte. L&#8217;utilizzo di tali offerte e siti web \u00e8 a rischio e pericolo dell&#8217;utente. Un fornitore terzo necessita del consenso scritto dell&#8217;aeroporto di Lugano prima di inserire un link a questo sito web o di visualizzare questo sito web in un frame.<\/p>\n\n\n\n<h4 class=\"wp-block-heading\">Cookie<\/h4>\n\n\n\n<p>L&#8217;Aeroporto di Lugano utilizza cookie e tecnologie simili per garantire il corretto funzionamento di questo sito web e per migliorare la vostra esperienza d&#8217;uso. I cookie essenziali sono necessari per le funzionalit\u00e0 di base del sito web, mentre i cookie opzionali ci aiutano ad analizzare l&#8217;utilizzo del sito e a fornire contenuti personalizzati. Alcuni servizi possono elaborare dati personali in paesi al di fuori della Svizzera, compresi gli Stati Uniti. Utilizzando questo sito web, acconsentite al nostro uso dei cookie come descritto nella nostra informativa sulla privacy. Potete gestire le vostre preferenze sui cookie attraverso le impostazioni del vostro browser o il nostro pannello delle impostazioni dei cookie. Il ritiro del consenso per i cookie opzionali pu\u00f2 limitare alcune funzionalit\u00e0 del sito web ma non influenzer\u00e0 le funzionalit\u00e0 di base.<\/p>\n\n\n\n<h4 class=\"wp-block-heading\">Condizioni d&#8217;uso<\/h4>\n\n\n\n<p>Lugano Airport gestisce questo sito web solo a scopo informativo generale. Se una delle opzioni a disposizione degli utenti \u00e8 soggetta a condizioni diverse da quelle qui indicate, ci\u00f2 sar\u00e0 segnalato agli utenti nel punto appropriato. L&#8217;aeroporto di Lugano ha il diritto di modificare, cancellare o aggiungere contenuti a questo sito web in qualsiasi momento, per qualsiasi motivo e senza preavviso. Sebbene l&#8217;aeroporto di Lugano faccia tutto il possibile per mantenere questo sito web privo di virus, la societ\u00e0 non pu\u00f2 garantire che non vengano trasmessi virus o altri componenti dannosi.<\/p>\n\n\n\n<h4 class=\"wp-block-heading\">Diritti d&#8217;autore e altri diritti di propriet\u00e0 intellettuale<\/h4>\n\n\n\n<p>Il contenuto di questo sito web \u00e8 di propriet\u00e0 di Lugano Airport ed \u00e8 protetto dai diritti di propriet\u00e0 intellettuale. \u00c8 vietato riprodurre o utilizzare fotografie, immagini, cartoline, testi, estratti di banche dati, elementi di grafica o, in generale, qualsiasi elemento pubblicato su questo sito web senza il previo consenso scritto del proprietario di tale contenuto, salvo che per uso personale, privato o non commerciale, come consentito dal diritto d&#8217;autore. La violazione di questa disposizione costituisce una violazione del diritto d&#8217;autore e pu\u00f2 comportare un&#8217;azione legale civile o penale.<\/p>\n\n\n\n<h4 class=\"wp-block-heading\">Legge applicabile e foro competente<\/h4>\n\n\n\n<p>Tutte le questioni relative all&#8217;utilizzo di questo sito web sono regolate dal diritto sostanziale svizzero. In caso di controversia legale tra gli utenti di questo sito e Lugano Airport, il luogo in cui Lugano Airport ha la sua sede legale (Lugano) \u00e8 considerato come unico foro competente. Tuttavia, Lugano Airport si riserva il diritto di intraprendere azioni legali presso il foro competente generale dell&#8217;utente.<\/p>\n\n\n\n<h4 class=\"wp-block-heading\">Validit\u00e0<\/h4>\n\n\n\n<p>La presente dichiarazione di non responsabilit\u00e0 fa parte dell&#8217;offerta del sito web di Lugano Airport. Qualora una parte di essa fosse in contrasto con il quadro giuridico applicabile, il contenuto e la validit\u00e0 giuridica delle altre disposizioni rimarranno inalterati.<\/p>\n\n\n\n<h4 class=\"wp-block-heading\">Accettazione delle condizioni d&#8217;uso<\/h4>\n\n\n\n<p>Accedendo a questo sito web, l&#8217;utente accetta le condizioni d&#8217;uso di Lugano Airport relative al sito web.<\/p>\n","protected":false},"excerpt":{"rendered":"<p>Esclusione di garanzie e responsabilit\u00e0 Tutte le informazioni presenti sul sito web di Lugano Airport, in particolare quelle relative ai prezzi e agli orari di arrivo e partenza, sono elaborate con la massima cura e fornite a solo scopo informativo generale. Lugano Airport non garantisce la completezza, la correttezza o l&#8217;accuratezza delle informazioni presenti su [&hellip;]<\/p>\n","protected":false},"author":1,"featured_media":0,"parent":0,"menu_order":0,"comment_status":"closed","ping_status":"closed","template":"","meta":{"_acf_changed":false,"inline_featured_image":false,"footnotes":""},"class_list":["post-1238","page","type-page","status-publish","hentry"],"acf":[],"yoast_head":"<!-- This site is optimized with the Yoast SEO plugin v26.5 - https:\/\/yoast.com\/wordpress\/plugins\/seo\/ -->\n<title>Privacy policy - Lugano Airport<\/title>\n<meta name=\"robots\" content=\"index, follow, max-snippet:-1, max-image-preview:large, max-video-preview:-1\" \/>\n<link rel=\"canonical\" href=\"https:\/\/luganoairport.ch\/it\/privacy-policy\/\" \/>\n<meta property=\"og:locale\" content=\"it_IT\" \/>\n<meta property=\"og:type\" content=\"article\" \/>\n<meta property=\"og:title\" content=\"Privacy policy - Lugano Airport\" \/>\n<meta property=\"og:description\" content=\"Esclusione di garanzie e responsabilit\u00e0 Tutte le informazioni presenti sul sito web di Lugano Airport, in particolare quelle relative ai prezzi e agli orari di arrivo e partenza, sono elaborate con la massima cura e fornite a solo scopo informativo generale. Lugano Airport non garantisce la completezza, la correttezza o l&#8217;accuratezza delle informazioni presenti su [&hellip;]\" \/>\n<meta property=\"og:url\" content=\"https:\/\/luganoairport.ch\/it\/privacy-policy\/\" \/>\n<meta property=\"og:site_name\" content=\"Lugano Airport\" \/>\n<meta property=\"article:modified_time\" content=\"2025-09-22T14:11:16+00:00\" \/>\n<meta name=\"twitter:card\" content=\"summary_large_image\" \/>\n<meta name=\"twitter:label1\" content=\"Est. reading time\" \/>\n\t<meta name=\"twitter:data1\" content=\"3 minuti\" \/>\n<script type=\"application\/ld+json\" class=\"yoast-schema-graph\">{\"@context\":\"https:\/\/schema.org\",\"@graph\":[{\"@type\":\"WebPage\",\"@id\":\"https:\/\/luganoairport.ch\/it\/privacy-policy\/\",\"url\":\"https:\/\/luganoairport.ch\/it\/privacy-policy\/\",\"name\":\"Privacy policy - Lugano Airport\",\"isPartOf\":{\"@id\":\"https:\/\/luganoairport.ch\/#website\"},\"datePublished\":\"2025-06-20T10:47:18+00:00\",\"dateModified\":\"2025-09-22T14:11:16+00:00\",\"breadcrumb\":{\"@id\":\"https:\/\/luganoairport.ch\/it\/privacy-policy\/#breadcrumb\"},\"inLanguage\":\"it-IT\",\"potentialAction\":[{\"@type\":\"ReadAction\",\"target\":[\"https:\/\/luganoairport.ch\/it\/privacy-policy\/\"]}]},{\"@type\":\"BreadcrumbList\",\"@id\":\"https:\/\/luganoairport.ch\/it\/privacy-policy\/#breadcrumb\",\"itemListElement\":[{\"@type\":\"ListItem\",\"position\":1,\"name\":\"Home\",\"item\":\"https:\/\/luganoairport.ch\/it\/\"},{\"@type\":\"ListItem\",\"position\":2,\"name\":\"Privacy policy\"}]},{\"@type\":\"WebSite\",\"@id\":\"https:\/\/luganoairport.ch\/#website\",\"url\":\"https:\/\/luganoairport.ch\/\",\"name\":\"Lugano airport\",\"description\":\"\",\"publisher\":{\"@id\":\"https:\/\/luganoairport.ch\/#organization\"},\"potentialAction\":[{\"@type\":\"SearchAction\",\"target\":{\"@type\":\"EntryPoint\",\"urlTemplate\":\"https:\/\/luganoairport.ch\/?s={search_term_string}\"},\"query-input\":{\"@type\":\"PropertyValueSpecification\",\"valueRequired\":true,\"valueName\":\"search_term_string\"}}],\"inLanguage\":\"it-IT\"},{\"@type\":\"Organization\",\"@id\":\"https:\/\/luganoairport.ch\/#organization\",\"name\":\"Lugano airport\",\"url\":\"https:\/\/luganoairport.ch\/\",\"logo\":{\"@type\":\"ImageObject\",\"inLanguage\":\"it-IT\",\"@id\":\"https:\/\/luganoairport.ch\/#\/schema\/logo\/image\/\",\"url\":\"https:\/\/luganoairport.ch\/wp-content\/uploads\/2025\/06\/Logo.svg\",\"contentUrl\":\"https:\/\/luganoairport.ch\/wp-content\/uploads\/2025\/06\/Logo.svg\",\"width\":168,\"height\":24,\"caption\":\"Lugano airport\"},\"image\":{\"@id\":\"https:\/\/luganoairport.ch\/#\/schema\/logo\/image\/\"}}]}<\/script>\n<!-- \/ Yoast SEO plugin. -->","yoast_head_json":{"title":"Privacy policy - Lugano Airport","robots":{"index":"index","follow":"follow","max-snippet":"max-snippet:-1","max-image-preview":"max-image-preview:large","max-video-preview":"max-video-preview:-1"},"canonical":"https:\/\/luganoairport.ch\/it\/privacy-policy\/","og_locale":"it_IT","og_type":"article","og_title":"Privacy policy - Lugano Airport","og_description":"Esclusione di garanzie e responsabilit\u00e0 Tutte le informazioni presenti sul sito web di Lugano Airport, in particolare quelle relative ai prezzi e agli orari di arrivo e partenza, sono elaborate con la massima cura e fornite a solo scopo informativo generale. Lugano Airport non garantisce la completezza, la correttezza o l&#8217;accuratezza delle informazioni presenti su [&hellip;]","og_url":"https:\/\/luganoairport.ch\/it\/privacy-policy\/","og_site_name":"Lugano Airport","article_modified_time":"2025-09-22T14:11:16+00:00","twitter_card":"summary_large_image","twitter_misc":{"Est. reading time":"3 minuti"},"schema":{"@context":"https:\/\/schema.org","@graph":[{"@type":"WebPage","@id":"https:\/\/luganoairport.ch\/it\/privacy-policy\/","url":"https:\/\/luganoairport.ch\/it\/privacy-policy\/","name":"Privacy policy - Lugano Airport","isPartOf":{"@id":"https:\/\/luganoairport.ch\/#website"},"datePublished":"2025-06-20T10:47:18+00:00","dateModified":"2025-09-22T14:11:16+00:00","breadcrumb":{"@id":"https:\/\/luganoairport.ch\/it\/privacy-policy\/#breadcrumb"},"inLanguage":"it-IT","potentialAction":[{"@type":"ReadAction","target":["https:\/\/luganoairport.ch\/it\/privacy-policy\/"]}]},{"@type":"BreadcrumbList","@id":"https:\/\/luganoairport.ch\/it\/privacy-policy\/#breadcrumb","itemListElement":[{"@type":"ListItem","position":1,"name":"Home","item":"https:\/\/luganoairport.ch\/it\/"},{"@type":"ListItem","position":2,"name":"Privacy policy"}]},{"@type":"WebSite","@id":"https:\/\/luganoairport.ch\/#website","url":"https:\/\/luganoairport.ch\/","name":"Lugano airport","description":"","publisher":{"@id":"https:\/\/luganoairport.ch\/#organization"},"potentialAction":[{"@type":"SearchAction","target":{"@type":"EntryPoint","urlTemplate":"https:\/\/luganoairport.ch\/?s={search_term_string}"},"query-input":{"@type":"PropertyValueSpecification","valueRequired":true,"valueName":"search_term_string"}}],"inLanguage":"it-IT"},{"@type":"Organization","@id":"https:\/\/luganoairport.ch\/#organization","name":"Lugano airport","url":"https:\/\/luganoairport.ch\/","logo":{"@type":"ImageObject","inLanguage":"it-IT","@id":"https:\/\/luganoairport.ch\/#\/schema\/logo\/image\/","url":"https:\/\/luganoairport.ch\/wp-content\/uploads\/2025\/06\/Logo.svg","contentUrl":"https:\/\/luganoairport.ch\/wp-content\/uploads\/2025\/06\/Logo.svg","width":168,"height":24,"caption":"Lugano airport"},"image":{"@id":"https:\/\/luganoairport.ch\/#\/schema\/logo\/image\/"}}]}},"_links":{"self":[{"href":"https:\/\/luganoairport.ch\/it\/wp-json\/wp\/v2\/pages\/1238","targetHints":{"allow":["GET"]}}],"collection":[{"href":"https:\/\/luganoairport.ch\/it\/wp-json\/wp\/v2\/pages"}],"about":[{"href":"https:\/\/luganoairport.ch\/it\/wp-json\/wp\/v2\/types\/page"}],"author":[{"embeddable":true,"href":"https:\/\/luganoairport.ch\/it\/wp-json\/wp\/v2\/users\/1"}],"replies":[{"embeddable":true,"href":"https:\/\/luganoairport.ch\/it\/wp-json\/wp\/v2\/comments?post=1238"}],"version-history":[{"count":3,"href":"https:\/\/luganoairport.ch\/it\/wp-json\/wp\/v2\/pages\/1238\/revisions"}],"predecessor-version":[{"id":1621,"href":"https:\/\/luganoairport.ch\/it\/wp-json\/wp\/v2\/pages\/1238\/revisions\/1621"}],"wp:attachment":[{"href":"https:\/\/luganoairport.ch\/it\/wp-json\/wp\/v2\/media?parent=1238"}],"curies":[{"name":"wp","href":"https:\/\/api.w.org\/{rel}","templated":true}]}}