{"id":1244,"date":"2025-06-19T13:11:09","date_gmt":"2025-06-19T11:11:09","guid":{"rendered":"https:\/\/dev.lugano-airport.berta-bewegt.ch\/flight-school\/"},"modified":"2025-09-29T20:07:54","modified_gmt":"2025-09-29T18:07:54","slug":"flight-school","status":"publish","type":"page","link":"https:\/\/luganoairport.ch\/it\/partners\/flight-school\/","title":{"rendered":"Scuola di volo"},"content":{"rendered":"\n<h2 class=\"wp-block-heading\"><strong>AVIL\u00d9 SA<\/strong><\/h2>\n\n\n\n<p>Fondata nel 1963 presso l&#8217;aeroporto di Lugano, <strong>Avil\u00f9 SA<\/strong> \u00e8 una scuola di volo completa e riconosciuta a livello internazionale. La formazione pratica e teorica, basata sulle normative EASA-FCL, consente agli studenti di ottenere diversi tipi di licenza. Avil\u00f9 SA offre un&#8217;ampia scelta di corsi e fornisce assistenza per la conversione delle licenze straniere.<\/p>\n\n\n\n            <div class=\"accordion-block section-block-margins\" id=\"\">\n            <div class=\"accordion\">\n                                    <div class=\"accordion-item\">\n                        <div class=\"accordion-item-header-block\" data-number=\"0\">\n                            <h3 class=\"like-h4 mb_0\">Ulteriori informazioni<\/h3>\n                            <svg xmlns=\"http:\/\/www.w3.org\/2000\/svg\" width=\"26\" height=\"15\" viewBox=\"0 0 26 15\" fill=\"none\">\n                                <path d=\"M1 1.5L11.5858 12.8708C12.3668 13.7097 13.6332 13.7097 14.4142 12.8708L25 1.5\" stroke=\"#305272\" stroke-width=\"2\" stroke-linecap=\"round\"\/>\n                            <\/svg>\n                        <\/div>\n\n                        <div class=\"accordion-item-content-block\">\n                            <div class=\"accordion-item-content-inner-block\">\n                                                                    <div class=\"default-text-block\">\n                                        <p id=\"block-8c3de8f3-e124-406c-914e-4df794cc3f45\" class=\"block-editor-rich-text__editable block-editor-block-list__block wp-block is-selected wp-block-paragraph rich-text\" role=\"document\" aria-multiline=\"true\" aria-label=\"Block: Paragraph\" data-block=\"8c3de8f3-e124-406c-914e-4df794cc3f45\" data-type=\"core\/paragraph\" data-title=\"Paragraph\" data-empty=\"false\" data-wp-block-attribute-key=\"content\"><strong>Avil\u00f9 SA<\/strong><br data-rich-text-line-break=\"true\" \/>Lugano Airport<br data-rich-text-line-break=\"true\" \/>CH \u2013 6982 Agno<br data-rich-text-line-break=\"true\" \/>Tel: +41 91 610 16 16<br data-rich-text-line-break=\"true\" \/>Fax: +41 91 610 16 20<br data-rich-text-line-break=\"true\" \/>E-mail:\u00a0<a href=\"mailto:info@avilu.ch\">info@avilu.ch<\/a><br data-rich-text-line-break=\"true\" \/>Sito web:\u00a0<a href=\"http:\/\/www.avilu.ch\/\" target=\"_blank\" rel=\"noreferrer noopener\">www.avilu.ch<\/a><\/p>\n                                    <\/div>\n                                                            <\/div>\n                        <\/div>\n                    <\/div>\n                                <\/div>\n        <\/div>\n    \n\n\n\n<div class=\"wp-block-buttons is-layout-flex wp-block-buttons-is-layout-flex\">\n<div class=\"wp-block-button\"><a class=\"wp-block-button__link wp-element-button\" href=\"http:\/\/www.avilu.ch\">Website Avil\u00f9<\/a><\/div>\n<\/div>\n\n\n<div class=\"wp-block-image\">\n<figure class=\"aligncenter size-full is-resized\"><img loading=\"lazy\" decoding=\"async\" width=\"749\" height=\"312\" src=\"https:\/\/luganoairport.ch\/wp-content\/uploads\/2025\/07\/scuoladivolo.jpg\" alt=\"\" class=\"wp-image-648\" style=\"width:840px;height:auto\" srcset=\"https:\/\/luganoairport.ch\/wp-content\/uploads\/2025\/07\/scuoladivolo.jpg 749w, https:\/\/luganoairport.ch\/wp-content\/uploads\/2025\/07\/scuoladivolo-600x250.jpg 600w\" sizes=\"auto, (max-width: 749px) 100vw, 749px\" \/><\/figure><\/div>\n\n\n<p><\/p>\n\n\n\n<h2 class=\"wp-block-heading\"><strong>SIMPLON AIR GMBH<\/strong><\/h2>\n\n\n\n<p>L&#8217;azienda, che vanta un know-how di oltre 50 anni nel settore aeronautico, ha inaugurato una filiale della propria scuola di volo per l&#8217;addestramento di piloti di elicotteri presso l&#8217;aeroporto di Lugano. Simplon Air utilizza elicotteri a basso impatto acustico come il Robinson R22 e R44, il Bell 407, l&#8217;MD 900 e il Lama SA 315 B.<\/p>\n\n\n\n            <div class=\"accordion-block section-block-margins\" id=\"\">\n            <div class=\"accordion\">\n                                    <div class=\"accordion-item\">\n                        <div class=\"accordion-item-header-block\" data-number=\"0\">\n                            <h3 class=\"like-h4 mb_0\">Ulteriori informazioni<\/h3>\n                            <svg xmlns=\"http:\/\/www.w3.org\/2000\/svg\" width=\"26\" height=\"15\" viewBox=\"0 0 26 15\" fill=\"none\">\n                                <path d=\"M1 1.5L11.5858 12.8708C12.3668 13.7097 13.6332 13.7097 14.4142 12.8708L25 1.5\" stroke=\"#305272\" stroke-width=\"2\" stroke-linecap=\"round\"\/>\n                            <\/svg>\n                        <\/div>\n\n                        <div class=\"accordion-item-content-block\">\n                            <div class=\"accordion-item-content-inner-block\">\n                                                                    <div class=\"default-text-block\">\n                                        <p><!-- wp:paragraph -->Simplon Air GmbH<br \/>\nLugano Airport<br \/>\nCH \u2013 6982 Agno<\/p>\n<p><!-- \/wp:paragraph --><!-- wp:paragraph -->Tel: +41 79 329 99 83<br \/>\nTel: +41 76 002 41 57 DE\/EN (Com. Giana, instructor)<\/p>\n<p><!-- \/wp:paragraph --><!-- wp:paragraph -->E-mail:\u00a0<a target=\"_blank\" rel=\"noreferrer noopener\">simplonhelischool@gmail.com<\/a><\/p>\n                                    <\/div>\n                                                            <\/div>\n                        <\/div>\n                    <\/div>\n                                <\/div>\n        <\/div>\n    \n\n\n\n<div class=\"wp-block-buttons is-layout-flex wp-block-buttons-is-layout-flex\">\n<div class=\"wp-block-button\"><a class=\"wp-block-button__link wp-element-button\" href=\"http:\/\/www.simplonair-helicopters.ch\">Website Simplon Air<\/a><\/div>\n<\/div>\n\n\n\n<figure class=\"wp-block-image size-full is-resized\"><img loading=\"lazy\" decoding=\"async\" width=\"1125\" height=\"633\" src=\"https:\/\/luganoairport.ch\/wp-content\/uploads\/2025\/07\/image001.jpg\" alt=\"\" class=\"wp-image-727\" style=\"width:585px;height:auto\" srcset=\"https:\/\/luganoairport.ch\/wp-content\/uploads\/2025\/07\/image001.jpg 1125w, https:\/\/luganoairport.ch\/wp-content\/uploads\/2025\/07\/image001-600x338.jpg 600w, https:\/\/luganoairport.ch\/wp-content\/uploads\/2025\/07\/image001-768x432.jpg 768w\" sizes=\"auto, (max-width: 1125px) 100vw, 1125px\" \/><\/figure>\n","protected":false},"excerpt":{"rendered":"<p>AVIL\u00d9 SA Fondata nel 1963 presso l&#8217;aeroporto di Lugano, Avil\u00f9 SA \u00e8 una scuola di volo completa e riconosciuta a livello internazionale. La formazione pratica e teorica, basata sulle normative EASA-FCL, consente agli studenti di ottenere diversi tipi di licenza. Avil\u00f9 SA offre un&#8217;ampia scelta di corsi e fornisce assistenza per la conversione delle licenze [&hellip;]<\/p>\n","protected":false},"author":1,"featured_media":0,"parent":1245,"menu_order":0,"comment_status":"closed","ping_status":"closed","template":"","meta":{"_acf_changed":false,"inline_featured_image":false,"footnotes":""},"class_list":["post-1244","page","type-page","status-publish","hentry"],"acf":[],"yoast_head":"<!-- This site is optimized with the Yoast SEO plugin v26.5 - https:\/\/yoast.com\/wordpress\/plugins\/seo\/ -->\n<title>Scuola di volo - Lugano Airport<\/title>\n<meta name=\"robots\" content=\"index, follow, max-snippet:-1, max-image-preview:large, max-video-preview:-1\" \/>\n<link rel=\"canonical\" href=\"https:\/\/luganoairport.ch\/it\/partners\/flight-school\/\" \/>\n<meta property=\"og:locale\" content=\"it_IT\" \/>\n<meta property=\"og:type\" content=\"article\" \/>\n<meta property=\"og:title\" content=\"Scuola di volo - Lugano Airport\" \/>\n<meta property=\"og:description\" content=\"AVIL\u00d9 SA Fondata nel 1963 presso l&#8217;aeroporto di Lugano, Avil\u00f9 SA \u00e8 una scuola di volo completa e riconosciuta a livello internazionale. La formazione pratica e teorica, basata sulle normative EASA-FCL, consente agli studenti di ottenere diversi tipi di licenza. Avil\u00f9 SA offre un&#8217;ampia scelta di corsi e fornisce assistenza per la conversione delle licenze [&hellip;]\" \/>\n<meta property=\"og:url\" content=\"https:\/\/luganoairport.ch\/it\/partners\/flight-school\/\" \/>\n<meta property=\"og:site_name\" content=\"Lugano Airport\" \/>\n<meta property=\"article:modified_time\" content=\"2025-09-29T18:07:54+00:00\" \/>\n<meta property=\"og:image\" content=\"https:\/\/luganoairport.ch\/wp-content\/uploads\/2025\/07\/scuoladivolo.jpg\" \/>\n\t<meta property=\"og:image:width\" content=\"749\" \/>\n\t<meta property=\"og:image:height\" content=\"312\" \/>\n\t<meta property=\"og:image:type\" content=\"image\/jpeg\" \/>\n<meta name=\"twitter:card\" content=\"summary_large_image\" \/>\n<meta name=\"twitter:label1\" content=\"Est. reading time\" \/>\n\t<meta name=\"twitter:data1\" content=\"1 minuto\" \/>\n<script type=\"application\/ld+json\" class=\"yoast-schema-graph\">{\"@context\":\"https:\/\/schema.org\",\"@graph\":[{\"@type\":\"WebPage\",\"@id\":\"https:\/\/luganoairport.ch\/it\/partners\/flight-school\/\",\"url\":\"https:\/\/luganoairport.ch\/it\/partners\/flight-school\/\",\"name\":\"Scuola di volo - Lugano Airport\",\"isPartOf\":{\"@id\":\"https:\/\/luganoairport.ch\/#website\"},\"primaryImageOfPage\":{\"@id\":\"https:\/\/luganoairport.ch\/it\/partners\/flight-school\/#primaryimage\"},\"image\":{\"@id\":\"https:\/\/luganoairport.ch\/it\/partners\/flight-school\/#primaryimage\"},\"thumbnailUrl\":\"https:\/\/luganoairport.ch\/wp-content\/uploads\/2025\/07\/scuoladivolo.jpg\",\"datePublished\":\"2025-06-19T11:11:09+00:00\",\"dateModified\":\"2025-09-29T18:07:54+00:00\",\"breadcrumb\":{\"@id\":\"https:\/\/luganoairport.ch\/it\/partners\/flight-school\/#breadcrumb\"},\"inLanguage\":\"it-IT\",\"potentialAction\":[{\"@type\":\"ReadAction\",\"target\":[\"https:\/\/luganoairport.ch\/it\/partners\/flight-school\/\"]}]},{\"@type\":\"ImageObject\",\"inLanguage\":\"it-IT\",\"@id\":\"https:\/\/luganoairport.ch\/it\/partners\/flight-school\/#primaryimage\",\"url\":\"https:\/\/luganoairport.ch\/wp-content\/uploads\/2025\/07\/scuoladivolo.jpg\",\"contentUrl\":\"https:\/\/luganoairport.ch\/wp-content\/uploads\/2025\/07\/scuoladivolo.jpg\"},{\"@type\":\"BreadcrumbList\",\"@id\":\"https:\/\/luganoairport.ch\/it\/partners\/flight-school\/#breadcrumb\",\"itemListElement\":[{\"@type\":\"ListItem\",\"position\":1,\"name\":\"Home\",\"item\":\"https:\/\/luganoairport.ch\/it\/\"},{\"@type\":\"ListItem\",\"position\":2,\"name\":\"Partners\",\"item\":\"https:\/\/luganoairport.ch\/it\/partners\/\"},{\"@type\":\"ListItem\",\"position\":3,\"name\":\"Scuola di volo\"}]},{\"@type\":\"WebSite\",\"@id\":\"https:\/\/luganoairport.ch\/#website\",\"url\":\"https:\/\/luganoairport.ch\/\",\"name\":\"Lugano airport\",\"description\":\"\",\"publisher\":{\"@id\":\"https:\/\/luganoairport.ch\/#organization\"},\"potentialAction\":[{\"@type\":\"SearchAction\",\"target\":{\"@type\":\"EntryPoint\",\"urlTemplate\":\"https:\/\/luganoairport.ch\/?s={search_term_string}\"},\"query-input\":{\"@type\":\"PropertyValueSpecification\",\"valueRequired\":true,\"valueName\":\"search_term_string\"}}],\"inLanguage\":\"it-IT\"},{\"@type\":\"Organization\",\"@id\":\"https:\/\/luganoairport.ch\/#organization\",\"name\":\"Lugano airport\",\"url\":\"https:\/\/luganoairport.ch\/\",\"logo\":{\"@type\":\"ImageObject\",\"inLanguage\":\"it-IT\",\"@id\":\"https:\/\/luganoairport.ch\/#\/schema\/logo\/image\/\",\"url\":\"https:\/\/luganoairport.ch\/wp-content\/uploads\/2025\/06\/Logo.svg\",\"contentUrl\":\"https:\/\/luganoairport.ch\/wp-content\/uploads\/2025\/06\/Logo.svg\",\"width\":168,\"height\":24,\"caption\":\"Lugano airport\"},\"image\":{\"@id\":\"https:\/\/luganoairport.ch\/#\/schema\/logo\/image\/\"}}]}<\/script>\n<!-- \/ Yoast SEO plugin. -->","yoast_head_json":{"title":"Scuola di volo - Lugano Airport","robots":{"index":"index","follow":"follow","max-snippet":"max-snippet:-1","max-image-preview":"max-image-preview:large","max-video-preview":"max-video-preview:-1"},"canonical":"https:\/\/luganoairport.ch\/it\/partners\/flight-school\/","og_locale":"it_IT","og_type":"article","og_title":"Scuola di volo - Lugano Airport","og_description":"AVIL\u00d9 SA Fondata nel 1963 presso l&#8217;aeroporto di Lugano, Avil\u00f9 SA \u00e8 una scuola di volo completa e riconosciuta a livello internazionale. La formazione pratica e teorica, basata sulle normative EASA-FCL, consente agli studenti di ottenere diversi tipi di licenza. Avil\u00f9 SA offre un&#8217;ampia scelta di corsi e fornisce assistenza per la conversione delle licenze [&hellip;]","og_url":"https:\/\/luganoairport.ch\/it\/partners\/flight-school\/","og_site_name":"Lugano Airport","article_modified_time":"2025-09-29T18:07:54+00:00","og_image":[{"width":749,"height":312,"url":"https:\/\/luganoairport.ch\/wp-content\/uploads\/2025\/07\/scuoladivolo.jpg","type":"image\/jpeg"}],"twitter_card":"summary_large_image","twitter_misc":{"Est. reading time":"1 minuto"},"schema":{"@context":"https:\/\/schema.org","@graph":[{"@type":"WebPage","@id":"https:\/\/luganoairport.ch\/it\/partners\/flight-school\/","url":"https:\/\/luganoairport.ch\/it\/partners\/flight-school\/","name":"Scuola di volo - Lugano Airport","isPartOf":{"@id":"https:\/\/luganoairport.ch\/#website"},"primaryImageOfPage":{"@id":"https:\/\/luganoairport.ch\/it\/partners\/flight-school\/#primaryimage"},"image":{"@id":"https:\/\/luganoairport.ch\/it\/partners\/flight-school\/#primaryimage"},"thumbnailUrl":"https:\/\/luganoairport.ch\/wp-content\/uploads\/2025\/07\/scuoladivolo.jpg","datePublished":"2025-06-19T11:11:09+00:00","dateModified":"2025-09-29T18:07:54+00:00","breadcrumb":{"@id":"https:\/\/luganoairport.ch\/it\/partners\/flight-school\/#breadcrumb"},"inLanguage":"it-IT","potentialAction":[{"@type":"ReadAction","target":["https:\/\/luganoairport.ch\/it\/partners\/flight-school\/"]}]},{"@type":"ImageObject","inLanguage":"it-IT","@id":"https:\/\/luganoairport.ch\/it\/partners\/flight-school\/#primaryimage","url":"https:\/\/luganoairport.ch\/wp-content\/uploads\/2025\/07\/scuoladivolo.jpg","contentUrl":"https:\/\/luganoairport.ch\/wp-content\/uploads\/2025\/07\/scuoladivolo.jpg"},{"@type":"BreadcrumbList","@id":"https:\/\/luganoairport.ch\/it\/partners\/flight-school\/#breadcrumb","itemListElement":[{"@type":"ListItem","position":1,"name":"Home","item":"https:\/\/luganoairport.ch\/it\/"},{"@type":"ListItem","position":2,"name":"Partners","item":"https:\/\/luganoairport.ch\/it\/partners\/"},{"@type":"ListItem","position":3,"name":"Scuola di volo"}]},{"@type":"WebSite","@id":"https:\/\/luganoairport.ch\/#website","url":"https:\/\/luganoairport.ch\/","name":"Lugano airport","description":"","publisher":{"@id":"https:\/\/luganoairport.ch\/#organization"},"potentialAction":[{"@type":"SearchAction","target":{"@type":"EntryPoint","urlTemplate":"https:\/\/luganoairport.ch\/?s={search_term_string}"},"query-input":{"@type":"PropertyValueSpecification","valueRequired":true,"valueName":"search_term_string"}}],"inLanguage":"it-IT"},{"@type":"Organization","@id":"https:\/\/luganoairport.ch\/#organization","name":"Lugano airport","url":"https:\/\/luganoairport.ch\/","logo":{"@type":"ImageObject","inLanguage":"it-IT","@id":"https:\/\/luganoairport.ch\/#\/schema\/logo\/image\/","url":"https:\/\/luganoairport.ch\/wp-content\/uploads\/2025\/06\/Logo.svg","contentUrl":"https:\/\/luganoairport.ch\/wp-content\/uploads\/2025\/06\/Logo.svg","width":168,"height":24,"caption":"Lugano airport"},"image":{"@id":"https:\/\/luganoairport.ch\/#\/schema\/logo\/image\/"}}]}},"_links":{"self":[{"href":"https:\/\/luganoairport.ch\/it\/wp-json\/wp\/v2\/pages\/1244","targetHints":{"allow":["GET"]}}],"collection":[{"href":"https:\/\/luganoairport.ch\/it\/wp-json\/wp\/v2\/pages"}],"about":[{"href":"https:\/\/luganoairport.ch\/it\/wp-json\/wp\/v2\/types\/page"}],"author":[{"embeddable":true,"href":"https:\/\/luganoairport.ch\/it\/wp-json\/wp\/v2\/users\/1"}],"replies":[{"embeddable":true,"href":"https:\/\/luganoairport.ch\/it\/wp-json\/wp\/v2\/comments?post=1244"}],"version-history":[{"count":3,"href":"https:\/\/luganoairport.ch\/it\/wp-json\/wp\/v2\/pages\/1244\/revisions"}],"predecessor-version":[{"id":1651,"href":"https:\/\/luganoairport.ch\/it\/wp-json\/wp\/v2\/pages\/1244\/revisions\/1651"}],"up":[{"embeddable":true,"href":"https:\/\/luganoairport.ch\/it\/wp-json\/wp\/v2\/pages\/1245"}],"wp:attachment":[{"href":"https:\/\/luganoairport.ch\/it\/wp-json\/wp\/v2\/media?parent=1244"}],"curies":[{"name":"wp","href":"https:\/\/api.w.org\/{rel}","templated":true}]}}