{"id":1268,"date":"2025-06-19T13:04:07","date_gmt":"2025-06-19T11:04:07","guid":{"rendered":"https:\/\/dev.lugano-airport.berta-bewegt.ch\/charges-calculator\/"},"modified":"2025-09-23T15:09:02","modified_gmt":"2025-09-23T13:09:02","slug":"charges-calculator","status":"publish","type":"page","link":"https:\/\/luganoairport.ch\/it\/quotes-notifications\/charges-calculator\/","title":{"rendered":"Calcolatore dei costi"},"content":{"rendered":"\n<p class=\"is-style-paragraph-lead\"><strong>Dichiarazione di non responsabilit\u00e0<\/strong><\/p>\n\n\n\n<p>Il prezzo finale \u00e8 al netto dell&#8217;IVA svizzera (8,1%) ed \u00e8 fornito solo a titolo indicativo e non \u00e8 da considerarsi vincolante. Gli operatori iscritti nel registro svizzero delle esenzioni, cos\u00ec come gli operatori stranieri in possesso di un COA valido, possono beneficiare dell&#8217;esenzione IVA su determinate voci di spesa. Il presente preventivo non include alcun servizio e la tariffa del valore delle emissioni non \u00e8 inclusa. La tariffa applicabile per l'&#8221;Emission Value&#8221; \u00e8 di 3,40 CHF per aeromobile e rappresenta il valore minimo.<\/p>\n\n\n\n            <div class=\"form-block section-block-margins\" id=\"\">\n                            <h3 class=\"static-form-title\">Ottieni un preventivo<\/h3>\n            \n            <div class=\"form-wrapper full-w\">\n                <div class=\"frm_forms \" id=\"frm_form_5_container\" data-token=\"6dce72ec452a15017ca3e2e8728f36df\">\n<form enctype=\"multipart\/form-data\" method=\"post\" class=\"frm-show-form  frm_js_validate  frm_ajax_submit  frm_pro_form \" id=\"form_calculator2\" data-token=\"6dce72ec452a15017ca3e2e8728f36df\">\n<div class=\"frm_form_fields \">\n<fieldset>\n<legend class=\"frm_screen_reader\">Charges Calculator IT<\/legend>\r\n\r\n<div class=\"frm_fields_container\">\n<input type=\"hidden\" name=\"frm_action\" value=\"create\" \/>\n<input type=\"hidden\" name=\"form_id\" value=\"5\" \/>\n<input type=\"hidden\" name=\"frm_hide_fields_5\" id=\"frm_hide_fields_5\" value=\"\" \/>\n<input type=\"hidden\" name=\"form_key\" value=\"calculator2\" \/>\n<input type=\"hidden\" name=\"item_meta[0]\" value=\"\" \/>\n<input type=\"hidden\" id=\"frm_submit_entry_5\" name=\"frm_submit_entry_5\" value=\"9d74e895e0\" \/><input type=\"hidden\" name=\"_wp_http_referer\" value=\"\/it\/wp-json\/wp\/v2\/pages\/1268\" \/><div id=\"frm_field_225_container\" class=\"frm_form_field  frm_html_container form-field\">\n<h3>Informazioni sul volo in arrivo<\/h3>\n<p>Inserisci tutte le informazioni necessarie per il tuo volo in arrivo a Lugano (LSZA). Si prega di prendere visione degli orari operativi dell\u2019aeroporto <i>(ore locali 08:00-12:00 \u00a013:30-20:00).<\/i><\/p>\n<\/div>\n<div id=\"frm_field_172_container\" class=\"frm_form_field form-field  frm_required_field frm_top_container frm12 frm_first\">\r\n\t<label for=\"field_s5eyj2\" id=\"field_s5eyj2_label\" class=\"frm_primary_label\">Tipo di volo *\r\n\t\t<span class=\"frm_required\" aria-hidden=\"true\"><\/span>\r\n\t<\/label>\r\n\t\t\t<select name=\"item_meta[172]\" id=\"field_s5eyj2\"  data-placeholder=\"Si prega di selezionare\"  placeholder=\"Si prega di selezionare\" data-reqmsg=\"Tipo di volo * cannot be blank.\" aria-required=\"true\" data-invmsg=\"Tipo di volo * is invalid\" aria-invalid=\"false\"  >\n\t\t<option  class=\"frm-select-placeholder\" value=\"\" data-placeholder=\"true\">Si prega di selezionare<\/option><option  value=\"Commerciale\">Commerciale<\/option><option  value=\"Privato\">Privato<\/option><option  value=\"TRN\/Istruzione\">TRN\/Istruzione<\/option><option  value=\"NIL\">NIL<\/option>\t<\/select>\n\t\r\n\t\r\n\t\r\n<\/div>\n<div id=\"frm_field_173_container\" class=\"frm_form_field form-field  frm_required_field frm_top_container frm6 frm_first\">\r\n\t<label for=\"field_2239f2\" id=\"field_2239f2_label\" class=\"frm_primary_label\">Data di Arrivo (ETA\/ETD) UTC *\r\n\t\t<span class=\"frm_required\" aria-hidden=\"true\"><\/span>\r\n\t<\/label>\r\n\t<input type=\"text\" id=\"field_2239f2\" name=\"item_meta[173]\" value=\"\"  maxlength=\"10\" placeholder=\"gg\/mm\/aaaa\" data-reqmsg=\"Inserire un valore.\" aria-required=\"true\" data-invmsg=\"Il valore non \u00e8 valido.\" class=\"frm_date\" aria-invalid=\"false\"  \/>\r\n\t\r\n\t\r\n<\/div>\n<div id=\"frm_field_174_container\" class=\"frm_form_field form-field  frm_required_field frm_top_container frm6\">\r\n\t<div  id=\"field_e3b3d2_label\" class=\"frm_primary_label\">Orario di Arrivo (ETA\/ETD) UTC *\r\n\t\t<span class=\"frm_required\" aria-hidden=\"true\"><\/span>\r\n\t<\/div>\r\n\t<select aria-labelledby=\"field_e3b3d2_label\" name=\"item_meta[174]\" id=\"field_e3b3d2\"  data-reqmsg=\"Orario di Arrivo (ETA\/ETD) UTC * cannot be blank.\" aria-required=\"true\" data-invmsg=\"Orario di Arrivo (ETA\/ETD) UTC *  is invalid\" aria-invalid=\"false\"  ><option value=\"06:00\" >06:00<\/option><option value=\"06:15\" >06:15<\/option><option value=\"06:30\" >06:30<\/option><option value=\"06:45\" >06:45<\/option><option value=\"07:00\" >07:00<\/option><option value=\"07:15\" >07:15<\/option><option value=\"07:30\" >07:30<\/option><option value=\"07:45\" >07:45<\/option><option value=\"08:00\" >08:00<\/option><option value=\"08:15\" >08:15<\/option><option value=\"08:30\" >08:30<\/option><option value=\"08:45\" >08:45<\/option><option value=\"09:00\" >09:00<\/option><option value=\"09:15\" >09:15<\/option><option value=\"09:30\" >09:30<\/option><option value=\"09:45\" >09:45<\/option><option value=\"10:00\" >10:00<\/option><option value=\"10:15\" >10:15<\/option><option value=\"10:30\" >10:30<\/option><option value=\"10:45\" >10:45<\/option><option value=\"11:00\" >11:00<\/option><option value=\"11:15\" >11:15<\/option><option value=\"11:30\" >11:30<\/option><option value=\"11:45\" >11:45<\/option><option value=\"12:00\" >12:00<\/option><option value=\"12:15\" >12:15<\/option><option value=\"12:30\" >12:30<\/option><option value=\"12:45\" >12:45<\/option><option value=\"13:00\" >13:00<\/option><option value=\"13:15\" >13:15<\/option><option value=\"13:30\" >13:30<\/option><option value=\"13:45\" >13:45<\/option><option value=\"14:00\" >14:00<\/option><option value=\"14:15\" >14:15<\/option><option value=\"14:30\" >14:30<\/option><option value=\"14:45\" >14:45<\/option><option value=\"15:00\" >15:00<\/option><option value=\"15:15\" >15:15<\/option><option value=\"15:30\" >15:30<\/option><option value=\"15:45\" >15:45<\/option><option value=\"16:00\" >16:00<\/option><option value=\"16:15\" >16:15<\/option><option value=\"16:30\" >16:30<\/option><option value=\"16:45\" >16:45<\/option><option value=\"17:00\" >17:00<\/option><option value=\"17:15\" >17:15<\/option><option value=\"17:30\" >17:30<\/option><option value=\"17:45\" >17:45<\/option><option value=\"18:00\" >18:00<\/option><option value=\"18:15\" >18:15<\/option><option value=\"18:30\" >18:30<\/option><option value=\"18:45\" >18:45<\/option><\/select>\r\n\t\r\n\t\r\n<\/div>\n<div id=\"frm_field_223_container\" class=\"frm_form_field form-field  frm_required_field frm_top_container frm6 frm_first\">\r\n\t<label for=\"field_qo2mx\" id=\"field_qo2mx_label\" class=\"frm_primary_label\">Data di Partenza (ETA\/ETD) UTC *\r\n\t\t<span class=\"frm_required\" aria-hidden=\"true\"><\/span>\r\n\t<\/label>\r\n\t<input type=\"text\" id=\"field_qo2mx\" name=\"item_meta[223]\" value=\"\"  maxlength=\"10\" placeholder=\"gg\/mm\/aaaa\" data-reqmsg=\"Inserire un valore.\" aria-required=\"true\" data-invmsg=\"Il valore non \u00e8 valido.\" class=\"frm_date\" aria-invalid=\"false\"  \/>\r\n\t\r\n\t\r\n<\/div>\n<div id=\"frm_field_224_container\" class=\"frm_form_field form-field  frm_required_field frm_top_container frm6\">\r\n\t<div  id=\"field_9uznx_label\" class=\"frm_primary_label\">Orario di Partenza (ETA\/ETD) UTC *\r\n\t\t<span class=\"frm_required\" aria-hidden=\"true\"><\/span>\r\n\t<\/div>\r\n\t<select aria-labelledby=\"field_9uznx_label\" name=\"item_meta[224]\" id=\"field_9uznx\"  data-reqmsg=\"Orario di Partenza (ETA\/ETD) UTC * cannot be blank.\" aria-required=\"true\" data-invmsg=\"Orario di Partenza (ETA\/ETD) UTC *  is invalid\" aria-invalid=\"false\"  ><option value=\"06:00\" >06:00<\/option><option value=\"06:15\" >06:15<\/option><option value=\"06:30\" >06:30<\/option><option value=\"06:45\" >06:45<\/option><option value=\"07:00\" >07:00<\/option><option value=\"07:15\" >07:15<\/option><option value=\"07:30\" >07:30<\/option><option value=\"07:45\" >07:45<\/option><option value=\"08:00\" >08:00<\/option><option value=\"08:15\" >08:15<\/option><option value=\"08:30\" >08:30<\/option><option value=\"08:45\" >08:45<\/option><option value=\"09:00\" >09:00<\/option><option value=\"09:15\" >09:15<\/option><option value=\"09:30\" >09:30<\/option><option value=\"09:45\" >09:45<\/option><option value=\"10:00\" >10:00<\/option><option value=\"10:15\" >10:15<\/option><option value=\"10:30\" >10:30<\/option><option value=\"10:45\" >10:45<\/option><option value=\"11:00\" >11:00<\/option><option value=\"11:15\" >11:15<\/option><option value=\"11:30\" >11:30<\/option><option value=\"11:45\" >11:45<\/option><option value=\"12:00\" >12:00<\/option><option value=\"12:15\" >12:15<\/option><option value=\"12:30\" >12:30<\/option><option value=\"12:45\" >12:45<\/option><option value=\"13:00\" >13:00<\/option><option value=\"13:15\" >13:15<\/option><option value=\"13:30\" >13:30<\/option><option value=\"13:45\" >13:45<\/option><option value=\"14:00\" >14:00<\/option><option value=\"14:15\" >14:15<\/option><option value=\"14:30\" >14:30<\/option><option value=\"14:45\" >14:45<\/option><option value=\"15:00\" >15:00<\/option><option value=\"15:15\" >15:15<\/option><option value=\"15:30\" >15:30<\/option><option value=\"15:45\" >15:45<\/option><option value=\"16:00\" >16:00<\/option><option value=\"16:15\" >16:15<\/option><option value=\"16:30\" >16:30<\/option><option value=\"16:45\" >16:45<\/option><option value=\"17:00\" >17:00<\/option><option value=\"17:15\" >17:15<\/option><option value=\"17:30\" >17:30<\/option><option value=\"17:45\" >17:45<\/option><option value=\"18:00\" >18:00<\/option><option value=\"18:15\" >18:15<\/option><option value=\"18:30\" >18:30<\/option><option value=\"18:45\" >18:45<\/option><\/select>\r\n\t\r\n\t\r\n<\/div>\n<div id=\"frm_field_175_container\" class=\"frm_form_field form-field  frm_required_field frm_top_container\">\r\n\t<label for=\"field_lwlzh2\" id=\"field_lwlzh2_label\" class=\"frm_primary_label\">Tipo di aeromobile noto *\r\n\t\t<span class=\"frm_required\" aria-hidden=\"true\"><\/span>\r\n\t<\/label>\r\n\t<input  type=\"text\" id=\"field_lwlzh2\" name=\"item_meta[175]\" value=\"\"  placeholder=\"Inserire il testo\" data-reqmsg=\"Inserire un valore.\" aria-required=\"true\" data-invmsg=\"Tipo di aeromobile noto * is invalid\" aria-invalid=\"false\"   \/>\r\n\t\r\n\t\r\n<\/div>\r\n\r\n<script>\r\njQuery(document).ready(function($) {\r\nconst suggestions = [\r\n  \"Cessna 150\",\r\n  \"Cessna 172\",\r\n  \"Cessna 177\",\r\n  \"Piper PA-28 Archer\",\r\n  \"Piper PA-32 Saratoga\",\r\n  \"Diamond DA-40\",\r\n  \"Diamond DA40 NG\",\r\n  \"Cirrus SF50 Vision Jet\",\r\n  \"Rockwell 690B Turbo Commander\",\r\n  \"Boeing Stearman PT-13D\",\r\n  \"Pilatus PC-12\",\r\n  \"Pilatus PC-12 NGX\",\r\n  \"Pilatus PC-6 Porter\",\r\n  \"Let L-410 Turbolet\",\r\n  \"Saab 2000\",\r\n  \"De Havilland Dash 8-Q400\",\r\n  \"Cessna Citation Mustang (510)\",\r\n  \"Cessna Citation CJ1 (525)\",\r\n  \"Cessna Citation CJ2 (525A)\",\r\n  \"Cessna Citation CJ4 (525C)\",\r\n  \"Cessna Citation Sovereign (680)\",\r\n  \"Embraer Phenom 300 (EMB-505)\",\r\n  \"Pilatus PC-24\",\r\n  \"Dassault Falcon 50EX\",\r\n  \"Dassault Falcon 2000S\",\r\n  \"Dassault Falcon 7X\",\r\n  \"Bombardier Challenger 350\",\r\n  \"Bombardier Challenger 604\",\r\n  \"Hawker Beechcraft 4000\",\r\n  \"Piaggio P.180 Avanti\",\r\n  \"Pilatus PC-7\",\r\n  \"Airbus AS350 B3 \u00c9cureuil\",\r\n  \"Airbus H125\",\r\n  \"Eurocopter EC120B Colibri\"\r\n];\r\n  \r\n  \/\/ Replace 'field_yourkey' with your actual field key (found in Formidable form builder)\r\n  const input = $('#field_lwlzh2');\r\n  \r\n  input.on('input', function() {\r\n    const value = $(this).val().toLowerCase();\r\n    const matches = suggestions.filter(item => item.toLowerCase().includes(value));\r\n    \r\n    \/\/ Remove old datalist if exists\r\n    $('#autocomplete-list').remove();\r\n\r\n    \/\/ Create a new datalist dropdown\r\n    const list = $('<datalist id=\"autocomplete-list\"><\/datalist>');\r\n    matches.forEach(item => list.append(`<option value=\"${item}\">`));\r\n    input.attr('list', 'autocomplete-list');\r\n    $('body').append(list);\r\n  });\r\n});\r\n<\/script>\n<div id=\"frm_field_176_container\" class=\"frm_form_field form-field  frm_required_field frm_top_container frm4 frm_first\">\r\n\t<label for=\"field_aircraft_type2\" id=\"field_aircraft_type2_label\" class=\"frm_primary_label\">Categoria Jet *\r\n\t\t<span class=\"frm_required\" aria-hidden=\"true\"><\/span>\r\n\t<\/label>\r\n\t\t\t<select name=\"item_meta[176]\" id=\"field_aircraft_type2\"  data-frmval=\"Aeromobile ad elica (Propeller)\" data-reqmsg=\"Categoria Jet * cannot be blank.\" aria-required=\"true\" data-invmsg=\"Categoria Jet * is invalid\" aria-invalid=\"false\"  >\n\t\t<option  value=\"Aeromobile ad elica (Propeller)\" selected='selected'>Aeromobile ad elica (Propeller)<\/option><option  value=\"Aeromobile a reazione (Jet Engine)\">Aeromobile a reazione (Jet Engine)<\/option>\t<\/select>\n\t\r\n\t\r\n\t\r\n<\/div>\n<div id=\"frm_field_177_container\" class=\"frm_form_field form-field  frm_required_field frm_top_container frm4\">\r\n\t<label for=\"field_roy0p2\" id=\"field_roy0p2_label\" class=\"frm_primary_label\">Categoria rumore aeromobile a elica *\r\n\t\t<span class=\"frm_required\" aria-hidden=\"true\"><\/span>\r\n\t<\/label>\r\n\t\t\t<select name=\"item_meta[177]\" id=\"field_roy0p2\"  data-frmval=\"A\" data-reqmsg=\"Categoria rumore aeromobile a elica * cannot be blank.\" aria-required=\"true\" data-invmsg=\"Categoria rumore aeromobile a elica * is invalid\" aria-invalid=\"false\"  >\n\t\t<option  value=\"A\" selected='selected'>A<\/option><option  value=\"B\">B<\/option><option  value=\"C\">C<\/option><option  value=\"D\">D<\/option>\t<\/select>\n\t\r\n\t\r\n\t\r\n<\/div>\n<div id=\"frm_field_178_container\" class=\"frm_form_field form-field  frm_required_field frm_top_container frm4\">\r\n\t<label for=\"field_gnfbz2\" id=\"field_gnfbz2_label\" class=\"frm_primary_label\">Categoria rumore aeromobile a reazione (Jet-Engine) *\r\n\t\t<span class=\"frm_required\" aria-hidden=\"true\"><\/span>\r\n\t<\/label>\r\n\t\t\t<select name=\"item_meta[178]\" id=\"field_gnfbz2\"  data-frmval=\"1\" data-reqmsg=\"Categoria rumore aeromobile a reazione (Jet-Engine) * cannot be blank.\" aria-required=\"true\" data-invmsg=\"Categoria rumore aeromobile a reazione (Jet-Engine) * is invalid\" aria-invalid=\"false\"  >\n\t\t<option  value=\"1\" selected='selected'>1<\/option><option  value=\"2\">2<\/option><option  value=\"3\">3<\/option><option  value=\"4\">4<\/option><option  value=\"5\">5<\/option>\t<\/select>\n\t\r\n\t\r\n\t\r\n<\/div>\n<div id=\"frm_field_179_container\" class=\"frm_form_field form-field  frm_required_field frm_top_container\">\r\n\t<label for=\"field_9drch2\" id=\"field_9drch2_label\" class=\"frm_primary_label\">Categoria RFFS *\r\n\t\t<span class=\"frm_required\" aria-hidden=\"true\"><\/span>\r\n\t<\/label>\r\n\t\t\t<select name=\"item_meta[179]\" id=\"field_9drch2\"  data-reqmsg=\"Categoria RFFS * cannot be blank.\" aria-required=\"true\" data-invmsg=\"Categoria RFFS * is invalid\" aria-invalid=\"false\"  >\n\t\t<option  value=\"Cat 1\">Cat 1<\/option><option  value=\"Cat 2\">Cat 2<\/option><option  value=\"Cat 3\">Cat 3<\/option><option  value=\"Cat 4\">Cat 4<\/option><option  value=\"Cat 5\">Cat 5<\/option><option  value=\"Cat 6\">Cat 6<\/option>\t<\/select>\n\t\r\n\t<div class=\"frm_description\" id=\"frm_desc_field_9drch2\">Supplemento per il servizio antincendio e di soccorso (RFFS): In base al regolamento EASA, dobbiamo rispettare la <a href=\"https:\/\/luganoairport.ch\/wp-content\/uploads\/2025\/10\/Airport-Category-for-fire-fighter.pdf\">tabella standard ICAO<\/a> basata sulle misure dell&#8217;aeroplano (lunghezza totale dell&#8217;aeromobile e larghezza della fusoliera).<\/div>\r\n\t\r\n<\/div>\n<div id=\"frm_field_180_container\" class=\"frm_form_field form-field  frm_required_field frm_top_container frm6 frm_first\">\r\n\t<label for=\"field_ceky52\" id=\"field_ceky52_label\" class=\"frm_primary_label\">MTOM (in Kg) *\r\n\t\t<span class=\"frm_required\" aria-hidden=\"true\"><\/span>\r\n\t<\/label>\r\n\t<div class=\"frm_range_container\"><input  data-frmval=\"2000\" data-reqmsg=\"MTOM (in Kg) * cannot be blank.\" aria-required=\"true\" data-invmsg=\"MTOM (in Kg) * is invalid\" aria-invalid=\"false\"   min=\"0\" max=\"60000\" step=\"500\" type=\"range\" id=\"field_ceky52\" name=\"item_meta[180]\" value=\"2000\" data-frmrange \/><div class=\"frm-text-center\"><span class=\"frm_range_value\">2000<\/span><\/div><\/div>\r\n\t\r\n\t\r\n<\/div>\n<div id=\"frm_field_181_container\" class=\"frm_form_field form-field  frm_required_field frm_top_container frm6\">\r\n\t<label for=\"field_kkdn2\" id=\"field_kkdn2_label\" class=\"frm_primary_label\">Persone *\r\n\t\t<span class=\"frm_required\" aria-hidden=\"true\"><\/span>\r\n\t<\/label>\r\n\t<div class=\"frm_range_container\"><input  data-frmval=\"1\" data-reqmsg=\"Persone * cannot be blank.\" aria-required=\"true\" data-invmsg=\"Persone * is invalid\" aria-invalid=\"false\"   min=\"0\" max=\"15\" step=\"1\" type=\"range\" id=\"field_kkdn2\" name=\"item_meta[181]\" value=\"1\" data-frmrange \/><div class=\"frm-text-center\"><span class=\"frm_range_value\">1<\/span><\/div><\/div>\r\n\t\r\n\t\r\n<\/div>\n<div id=\"frm_field_184_container\" class=\"frm_form_field form-field \">\r\n\t<div class=\"frm_submit frm_flex\">\r\n<button class=\"frm_button_submit frm_final_submit\" type=\"submit\"  >Invia<\/button>\r\n\r\n\r\n\r\n<\/div>\r\n<\/div>\n\t<input type=\"hidden\" name=\"item_key\" value=\"\" \/>\n\t<input name=\"frm_state\" type=\"hidden\" value=\"O4OBPPamMftqWsv2IjrCe6zTPmWjH5rKqTXK0GJRJRw=\" \/><\/div>\n<\/fieldset>\n<\/div>\n\n<\/form>\n<\/div>\n            <\/div>\n        <\/div>\n    \n\n","protected":false},"excerpt":{"rendered":"<p>Dichiarazione di non responsabilit\u00e0 Il prezzo finale \u00e8 al netto dell&#8217;IVA svizzera (8,1%) ed \u00e8 fornito solo a titolo indicativo e non \u00e8 da considerarsi vincolante. Gli operatori iscritti nel registro svizzero delle esenzioni, cos\u00ec come gli operatori stranieri in possesso di un COA valido, possono beneficiare dell&#8217;esenzione IVA su determinate voci di spesa. Il [&hellip;]<\/p>\n","protected":false},"author":1,"featured_media":0,"parent":1269,"menu_order":0,"comment_status":"closed","ping_status":"closed","template":"","meta":{"_acf_changed":false,"inline_featured_image":false,"footnotes":""},"class_list":["post-1268","page","type-page","status-publish","hentry"],"acf":[],"yoast_head":"<!-- This site is optimized with the Yoast SEO plugin v26.5 - https:\/\/yoast.com\/wordpress\/plugins\/seo\/ -->\n<title>Calcolatore dei costi - Lugano Airport<\/title>\n<meta name=\"robots\" content=\"index, follow, max-snippet:-1, max-image-preview:large, max-video-preview:-1\" \/>\n<link rel=\"canonical\" href=\"https:\/\/luganoairport.ch\/it\/quotes-notifications\/charges-calculator\/\" \/>\n<meta property=\"og:locale\" content=\"it_IT\" \/>\n<meta property=\"og:type\" content=\"article\" \/>\n<meta property=\"og:title\" content=\"Calcolatore dei costi - Lugano Airport\" \/>\n<meta property=\"og:description\" content=\"Dichiarazione di non responsabilit\u00e0 Il prezzo finale \u00e8 al netto dell&#8217;IVA svizzera (8,1%) ed \u00e8 fornito solo a titolo indicativo e non \u00e8 da considerarsi vincolante. Gli operatori iscritti nel registro svizzero delle esenzioni, cos\u00ec come gli operatori stranieri in possesso di un COA valido, possono beneficiare dell&#8217;esenzione IVA su determinate voci di spesa. Il [&hellip;]\" \/>\n<meta property=\"og:url\" content=\"https:\/\/luganoairport.ch\/it\/quotes-notifications\/charges-calculator\/\" \/>\n<meta property=\"og:site_name\" content=\"Lugano Airport\" \/>\n<meta property=\"article:modified_time\" content=\"2025-09-23T13:09:02+00:00\" \/>\n<meta name=\"twitter:card\" content=\"summary_large_image\" \/>\n<meta name=\"twitter:label1\" content=\"Est. reading time\" \/>\n\t<meta name=\"twitter:data1\" content=\"1 minuto\" \/>\n<script type=\"application\/ld+json\" class=\"yoast-schema-graph\">{\"@context\":\"https:\/\/schema.org\",\"@graph\":[{\"@type\":\"WebPage\",\"@id\":\"https:\/\/luganoairport.ch\/it\/quotes-notifications\/charges-calculator\/\",\"url\":\"https:\/\/luganoairport.ch\/it\/quotes-notifications\/charges-calculator\/\",\"name\":\"Calcolatore dei costi - Lugano Airport\",\"isPartOf\":{\"@id\":\"https:\/\/luganoairport.ch\/#website\"},\"datePublished\":\"2025-06-19T11:04:07+00:00\",\"dateModified\":\"2025-09-23T13:09:02+00:00\",\"breadcrumb\":{\"@id\":\"https:\/\/luganoairport.ch\/it\/quotes-notifications\/charges-calculator\/#breadcrumb\"},\"inLanguage\":\"it-IT\",\"potentialAction\":[{\"@type\":\"ReadAction\",\"target\":[\"https:\/\/luganoairport.ch\/it\/quotes-notifications\/charges-calculator\/\"]}]},{\"@type\":\"BreadcrumbList\",\"@id\":\"https:\/\/luganoairport.ch\/it\/quotes-notifications\/charges-calculator\/#breadcrumb\",\"itemListElement\":[{\"@type\":\"ListItem\",\"position\":1,\"name\":\"Home\",\"item\":\"https:\/\/luganoairport.ch\/it\/\"},{\"@type\":\"ListItem\",\"position\":2,\"name\":\"Preventivi &amp; tariffe\",\"item\":\"https:\/\/luganoairport.ch\/it\/quotes-notifications\/\"},{\"@type\":\"ListItem\",\"position\":3,\"name\":\"Calcolatore dei costi\"}]},{\"@type\":\"WebSite\",\"@id\":\"https:\/\/luganoairport.ch\/#website\",\"url\":\"https:\/\/luganoairport.ch\/\",\"name\":\"Lugano airport\",\"description\":\"\",\"publisher\":{\"@id\":\"https:\/\/luganoairport.ch\/#organization\"},\"potentialAction\":[{\"@type\":\"SearchAction\",\"target\":{\"@type\":\"EntryPoint\",\"urlTemplate\":\"https:\/\/luganoairport.ch\/?s={search_term_string}\"},\"query-input\":{\"@type\":\"PropertyValueSpecification\",\"valueRequired\":true,\"valueName\":\"search_term_string\"}}],\"inLanguage\":\"it-IT\"},{\"@type\":\"Organization\",\"@id\":\"https:\/\/luganoairport.ch\/#organization\",\"name\":\"Lugano airport\",\"url\":\"https:\/\/luganoairport.ch\/\",\"logo\":{\"@type\":\"ImageObject\",\"inLanguage\":\"it-IT\",\"@id\":\"https:\/\/luganoairport.ch\/#\/schema\/logo\/image\/\",\"url\":\"https:\/\/luganoairport.ch\/wp-content\/uploads\/2025\/06\/Logo.svg\",\"contentUrl\":\"https:\/\/luganoairport.ch\/wp-content\/uploads\/2025\/06\/Logo.svg\",\"width\":168,\"height\":24,\"caption\":\"Lugano airport\"},\"image\":{\"@id\":\"https:\/\/luganoairport.ch\/#\/schema\/logo\/image\/\"}}]}<\/script>\n<!-- \/ Yoast SEO plugin. -->","yoast_head_json":{"title":"Calcolatore dei costi - Lugano Airport","robots":{"index":"index","follow":"follow","max-snippet":"max-snippet:-1","max-image-preview":"max-image-preview:large","max-video-preview":"max-video-preview:-1"},"canonical":"https:\/\/luganoairport.ch\/it\/quotes-notifications\/charges-calculator\/","og_locale":"it_IT","og_type":"article","og_title":"Calcolatore dei costi - Lugano Airport","og_description":"Dichiarazione di non responsabilit\u00e0 Il prezzo finale \u00e8 al netto dell&#8217;IVA svizzera (8,1%) ed \u00e8 fornito solo a titolo indicativo e non \u00e8 da considerarsi vincolante. Gli operatori iscritti nel registro svizzero delle esenzioni, cos\u00ec come gli operatori stranieri in possesso di un COA valido, possono beneficiare dell&#8217;esenzione IVA su determinate voci di spesa. Il [&hellip;]","og_url":"https:\/\/luganoairport.ch\/it\/quotes-notifications\/charges-calculator\/","og_site_name":"Lugano Airport","article_modified_time":"2025-09-23T13:09:02+00:00","twitter_card":"summary_large_image","twitter_misc":{"Est. reading time":"1 minuto"},"schema":{"@context":"https:\/\/schema.org","@graph":[{"@type":"WebPage","@id":"https:\/\/luganoairport.ch\/it\/quotes-notifications\/charges-calculator\/","url":"https:\/\/luganoairport.ch\/it\/quotes-notifications\/charges-calculator\/","name":"Calcolatore dei costi - Lugano Airport","isPartOf":{"@id":"https:\/\/luganoairport.ch\/#website"},"datePublished":"2025-06-19T11:04:07+00:00","dateModified":"2025-09-23T13:09:02+00:00","breadcrumb":{"@id":"https:\/\/luganoairport.ch\/it\/quotes-notifications\/charges-calculator\/#breadcrumb"},"inLanguage":"it-IT","potentialAction":[{"@type":"ReadAction","target":["https:\/\/luganoairport.ch\/it\/quotes-notifications\/charges-calculator\/"]}]},{"@type":"BreadcrumbList","@id":"https:\/\/luganoairport.ch\/it\/quotes-notifications\/charges-calculator\/#breadcrumb","itemListElement":[{"@type":"ListItem","position":1,"name":"Home","item":"https:\/\/luganoairport.ch\/it\/"},{"@type":"ListItem","position":2,"name":"Preventivi &amp; tariffe","item":"https:\/\/luganoairport.ch\/it\/quotes-notifications\/"},{"@type":"ListItem","position":3,"name":"Calcolatore dei costi"}]},{"@type":"WebSite","@id":"https:\/\/luganoairport.ch\/#website","url":"https:\/\/luganoairport.ch\/","name":"Lugano airport","description":"","publisher":{"@id":"https:\/\/luganoairport.ch\/#organization"},"potentialAction":[{"@type":"SearchAction","target":{"@type":"EntryPoint","urlTemplate":"https:\/\/luganoairport.ch\/?s={search_term_string}"},"query-input":{"@type":"PropertyValueSpecification","valueRequired":true,"valueName":"search_term_string"}}],"inLanguage":"it-IT"},{"@type":"Organization","@id":"https:\/\/luganoairport.ch\/#organization","name":"Lugano airport","url":"https:\/\/luganoairport.ch\/","logo":{"@type":"ImageObject","inLanguage":"it-IT","@id":"https:\/\/luganoairport.ch\/#\/schema\/logo\/image\/","url":"https:\/\/luganoairport.ch\/wp-content\/uploads\/2025\/06\/Logo.svg","contentUrl":"https:\/\/luganoairport.ch\/wp-content\/uploads\/2025\/06\/Logo.svg","width":168,"height":24,"caption":"Lugano airport"},"image":{"@id":"https:\/\/luganoairport.ch\/#\/schema\/logo\/image\/"}}]}},"_links":{"self":[{"href":"https:\/\/luganoairport.ch\/it\/wp-json\/wp\/v2\/pages\/1268","targetHints":{"allow":["GET"]}}],"collection":[{"href":"https:\/\/luganoairport.ch\/it\/wp-json\/wp\/v2\/pages"}],"about":[{"href":"https:\/\/luganoairport.ch\/it\/wp-json\/wp\/v2\/types\/page"}],"author":[{"embeddable":true,"href":"https:\/\/luganoairport.ch\/it\/wp-json\/wp\/v2\/users\/1"}],"replies":[{"embeddable":true,"href":"https:\/\/luganoairport.ch\/it\/wp-json\/wp\/v2\/comments?post=1268"}],"version-history":[{"count":3,"href":"https:\/\/luganoairport.ch\/it\/wp-json\/wp\/v2\/pages\/1268\/revisions"}],"predecessor-version":[{"id":1633,"href":"https:\/\/luganoairport.ch\/it\/wp-json\/wp\/v2\/pages\/1268\/revisions\/1633"}],"up":[{"embeddable":true,"href":"https:\/\/luganoairport.ch\/it\/wp-json\/wp\/v2\/pages\/1269"}],"wp:attachment":[{"href":"https:\/\/luganoairport.ch\/it\/wp-json\/wp\/v2\/media?parent=1268"}],"curies":[{"name":"wp","href":"https:\/\/api.w.org\/{rel}","templated":true}]}}