{"id":1272,"date":"2025-06-19T13:01:40","date_gmt":"2025-06-19T11:01:40","guid":{"rendered":"https:\/\/dev.lugano-airport.berta-bewegt.ch\/catering\/"},"modified":"2025-10-08T18:03:42","modified_gmt":"2025-10-08T16:03:42","slug":"catering","status":"publish","type":"page","link":"https:\/\/luganoairport.ch\/it\/services\/catering\/","title":{"rendered":"Catering"},"content":{"rendered":"\n<h2 class=\"wp-block-heading\">Scopra di pi\u00f9 sul servizio di catering<\/h2>\n\n\n\n<p>Il nostro&nbsp;<strong>menu catering<\/strong>&nbsp;\u00e8 solo un elenco generale di ci\u00f2 che siamo in grado di fornire, pertanto non esitate a contattarci per qualsiasi variazione di piatto o richiesta speciale. Offriamo cibo di alta qualit\u00e0, utilizzando gli ingredienti pi\u00f9 pregiati e freschi.<\/p>\n\n\n\n<p>Il nostro fornitore&nbsp;<strong>1908 Group SA<\/strong>&nbsp;propone un menu catering VIP innovativo, creato appositamente per soddisfare le esigenze dei passeggeri dell&#8217;aviazione generale. Attribuiamo grande importanza anche ai pasti dell&#8217;equipaggio, assicurandoci che ogni aspetto della vostra esperienza a bordo sia attentamente considerato e curato nei minimi dettagli.<\/p>\n\n\n\n            <div class=\"accordion-block section-block-margins\" id=\"\">\n            <div class=\"accordion\">\n                                    <div class=\"accordion-item\">\n                        <div class=\"accordion-item-header-block\" data-number=\"0\">\n                            <h3 class=\"like-h4 mb_0\">Servizi standard di catering aggiuntivi <\/h3>\n                            <svg xmlns=\"http:\/\/www.w3.org\/2000\/svg\" width=\"26\" height=\"15\" viewBox=\"0 0 26 15\" fill=\"none\">\n                                <path d=\"M1 1.5L11.5858 12.8708C12.3668 13.7097 13.6332 13.7097 14.4142 12.8708L25 1.5\" stroke=\"#305272\" stroke-width=\"2\" stroke-linecap=\"round\"\/>\n                            <\/svg>\n                        <\/div>\n\n                        <div class=\"accordion-item-content-block\">\n                            <div class=\"accordion-item-content-inner-block\">\n                                                                    <div class=\"default-text-block\">\n                                        <ul>\n<li>Acqua calda 1L: <strong>CHF 5.00<\/strong><\/li>\n<li>Caff\u00e8 1L: <strong>CHF 20.00<\/strong><\/li>\n<li>Confezione di cubetti di ghiaccio: <strong>CHF 10.00<\/strong><\/li>\n<li>Acqua calda\/caff\u00e8\/ghiaccio (<em>servizio completo<\/em>): <strong>CHF 35.00<\/strong><\/li>\n<\/ul>\n                                    <\/div>\n                                                            <\/div>\n                        <\/div>\n                    <\/div>\n                                <\/div>\n        <\/div>\n    \n\n\n\n            <div class=\"accordion-block section-block-margins\" id=\"\">\n            <div class=\"accordion\">\n                                    <div class=\"accordion-item\">\n                        <div class=\"accordion-item-header-block\" data-number=\"0\">\n                            <h3 class=\"like-h4 mb_0\">Catering menu <\/h3>\n                            <svg xmlns=\"http:\/\/www.w3.org\/2000\/svg\" width=\"26\" height=\"15\" viewBox=\"0 0 26 15\" fill=\"none\">\n                                <path d=\"M1 1.5L11.5858 12.8708C12.3668 13.7097 13.6332 13.7097 14.4142 12.8708L25 1.5\" stroke=\"#305272\" stroke-width=\"2\" stroke-linecap=\"round\"\/>\n                            <\/svg>\n                        <\/div>\n\n                        <div class=\"accordion-item-content-block\">\n                            <div class=\"accordion-item-content-inner-block\">\n                                                                                                                                                        <div class=\"file-btn-wrapper\">\n                                                <a href=\"https:\/\/luganoairport.ch\/wp-content\/uploads\/2025\/10\/Catering-Menu-ITA.pdf\" download=\"\" class=\"white-border-file-btn\">\n                                                    <div>\n                                                        <span>Download Catering Menu (PDF)<\/span>\n                                                        <svg xmlns=\"http:\/\/www.w3.org\/2000\/svg\" width=\"28\" height=\"28\" viewBox=\"0 0 28 28\" fill=\"none\">\n                                                            <path d=\"M26.6 16.8C26.2287 16.8 25.8726 16.9475 25.61 17.2101C25.3475 17.4726 25.2 17.8287 25.2 18.2V23.8C25.2 24.1713 25.0525 24.5274 24.7899 24.7899C24.5274 25.0525 24.1713 25.2 23.8 25.2H4.2C3.8287 25.2 3.4726 25.0525 3.21005 24.7899C2.9475 24.5274 2.8 24.1713 2.8 23.8V18.2C2.8 17.8287 2.6525 17.4726 2.38995 17.2101C2.1274 16.9475 1.7713 16.8 1.4 16.8C1.0287 16.8 0.672601 16.9475 0.41005 17.2101C0.1475 17.4726 0 17.8287 0 18.2V23.8C0 24.9139 0.442499 25.9822 1.23015 26.7698C2.0178 27.5575 3.08609 28 4.2 28H23.8C24.9139 28 25.9822 27.5575 26.7698 26.7698C27.5575 25.9822 28 24.9139 28 23.8V18.2C28 17.8287 27.8525 17.4726 27.59 17.2101C27.3274 16.9475 26.9713 16.8 26.6 16.8ZM13.006 19.194C13.1391 19.3215 13.2961 19.4214 13.468 19.488C13.6356 19.5621 13.8168 19.6003 14 19.6003C14.1832 19.6003 14.3644 19.5621 14.532 19.488C14.7039 19.4214 14.8609 19.3215 14.994 19.194L20.594 13.594C20.8576 13.3304 21.0057 12.9728 21.0057 12.6C21.0057 12.2272 20.8576 11.8696 20.594 11.606C20.3304 11.3424 19.9728 11.1943 19.6 11.1943C19.2272 11.1943 18.8696 11.3424 18.606 11.606L15.4 14.826V1.4C15.4 1.0287 15.2525 0.672601 14.9899 0.41005C14.7274 0.1475 14.3713 0 14 0C13.6287 0 13.2726 0.1475 13.0101 0.41005C12.7475 0.672601 12.6 1.0287 12.6 1.4V14.826L9.394 11.606C9.26347 11.4755 9.1085 11.3719 8.93795 11.3013C8.7674 11.2306 8.5846 11.1943 8.4 11.1943C8.2154 11.1943 8.0326 11.2306 7.86205 11.3013C7.6915 11.3719 7.53653 11.4755 7.406 11.606C7.27547 11.7365 7.17192 11.8915 7.10128 12.062C7.03063 12.2326 6.99427 12.4154 6.99427 12.6C6.99427 12.7846 7.03063 12.9674 7.10128 13.1379C7.17192 13.3085 7.27547 13.4635 7.406 13.594L13.006 19.194Z\" fill=\"#305272\"\/>\n                                                        <\/svg>\n                                                    <\/div>\n                                                <\/a>\n                                            <\/div>\n                                                                                                                                        <\/div>\n                        <\/div>\n                    <\/div>\n                                <\/div>\n        <\/div>\n    \n\n\n\n            <div class=\"accordion-block section-block-margins\" id=\"\">\n            <div class=\"accordion\">\n                                    <div class=\"accordion-item\">\n                        <div class=\"accordion-item-header-block\" data-number=\"0\">\n                            <h3 class=\"like-h4 mb_0\">Giornali e riviste<\/h3>\n                            <svg xmlns=\"http:\/\/www.w3.org\/2000\/svg\" width=\"26\" height=\"15\" viewBox=\"0 0 26 15\" fill=\"none\">\n                                <path d=\"M1 1.5L11.5858 12.8708C12.3668 13.7097 13.6332 13.7097 14.4142 12.8708L25 1.5\" stroke=\"#305272\" stroke-width=\"2\" stroke-linecap=\"round\"\/>\n                            <\/svg>\n                        <\/div>\n\n                        <div class=\"accordion-item-content-block\">\n                            <div class=\"accordion-item-content-inner-block\">\n                                                                    <div class=\"default-text-block\">\n                                        <p>Sono disponibili tutti i tipi di quotidiani e riviste di interesse per i passeggeri. I quotidiani sono stampati in alta qualit\u00e0 con l&#8217;ultima versione.<\/p>\n                                    <\/div>\n                                                            <\/div>\n                        <\/div>\n                    <\/div>\n                                <\/div>\n        <\/div>\n    \n\n\n\n<h2 class=\"wp-block-heading\"><\/h2>\n\n\n\n            <div class=\"accordion-block section-block-margins\" id=\"\">\n            <div class=\"accordion\">\n                                    <div class=\"accordion-item\">\n                        <div class=\"accordion-item-header-block\" data-number=\"0\">\n                            <h3 class=\"like-h4 mb_0\">Prezzi<\/h3>\n                            <svg xmlns=\"http:\/\/www.w3.org\/2000\/svg\" width=\"26\" height=\"15\" viewBox=\"0 0 26 15\" fill=\"none\">\n                                <path d=\"M1 1.5L11.5858 12.8708C12.3668 13.7097 13.6332 13.7097 14.4142 12.8708L25 1.5\" stroke=\"#305272\" stroke-width=\"2\" stroke-linecap=\"round\"\/>\n                            <\/svg>\n                        <\/div>\n\n                        <div class=\"accordion-item-content-block\">\n                            <div class=\"accordion-item-content-inner-block\">\n                                                                    <div class=\"default-text-block\">\n                                        <ul>\n<li>Quotidiani: <strong>CHF 15.00<\/strong><\/li>\n<li>Riviste settimanali: <strong>CHF 20.00<\/strong><\/li>\n<li>Riviste mensili marchi di lusso: <strong>CHF 30.00<\/strong><\/li>\n<\/ul>\n                                    <\/div>\n                                                            <\/div>\n                        <\/div>\n                    <\/div>\n                                <\/div>\n        <\/div>\n    \n\n\n\n<div class=\"wp-block-buttons is-layout-flex wp-block-buttons-is-layout-flex\">\n<div class=\"wp-block-button\"><a class=\"wp-block-button__link wp-element-button\" href=\"https:\/\/luganoairport.ch\/it\/about-us\/contacts\/\">Contatto<\/a><\/div>\n<\/div>\n\n\n\n<p><\/p>\n","protected":false},"excerpt":{"rendered":"<p>Scopra di pi\u00f9 sul servizio di catering Il nostro&nbsp;menu catering&nbsp;\u00e8 solo un elenco generale di ci\u00f2 che siamo in grado di fornire, pertanto non esitate a contattarci per qualsiasi variazione di piatto o richiesta speciale. Offriamo cibo di alta qualit\u00e0, utilizzando gli ingredienti pi\u00f9 pregiati e freschi. Il nostro fornitore&nbsp;1908 Group SA&nbsp;propone un menu catering [&hellip;]<\/p>\n","protected":false},"author":1,"featured_media":533,"parent":1281,"menu_order":0,"comment_status":"closed","ping_status":"closed","template":"","meta":{"_acf_changed":false,"inline_featured_image":false,"footnotes":""},"class_list":["post-1272","page","type-page","status-publish","has-post-thumbnail","hentry"],"acf":[],"yoast_head":"<!-- This site is optimized with the Yoast SEO plugin v26.5 - https:\/\/yoast.com\/wordpress\/plugins\/seo\/ -->\n<title>Catering - Lugano Airport<\/title>\n<meta name=\"robots\" content=\"index, follow, max-snippet:-1, max-image-preview:large, max-video-preview:-1\" \/>\n<link rel=\"canonical\" href=\"https:\/\/luganoairport.ch\/it\/services\/catering\/\" \/>\n<meta property=\"og:locale\" content=\"it_IT\" \/>\n<meta property=\"og:type\" content=\"article\" \/>\n<meta property=\"og:title\" content=\"Catering - Lugano Airport\" \/>\n<meta property=\"og:description\" content=\"Scopra di pi\u00f9 sul servizio di catering Il nostro&nbsp;menu catering&nbsp;\u00e8 solo un elenco generale di ci\u00f2 che siamo in grado di fornire, pertanto non esitate a contattarci per qualsiasi variazione di piatto o richiesta speciale. Offriamo cibo di alta qualit\u00e0, utilizzando gli ingredienti pi\u00f9 pregiati e freschi. Il nostro fornitore&nbsp;1908 Group SA&nbsp;propone un menu catering [&hellip;]\" \/>\n<meta property=\"og:url\" content=\"https:\/\/luganoairport.ch\/it\/services\/catering\/\" \/>\n<meta property=\"og:site_name\" content=\"Lugano Airport\" \/>\n<meta property=\"article:modified_time\" content=\"2025-10-08T16:03:42+00:00\" \/>\n<meta property=\"og:image\" content=\"https:\/\/luganoairport.ch\/wp-content\/uploads\/2025\/07\/Catering-1908.jpeg\" \/>\n\t<meta property=\"og:image:width\" content=\"1000\" \/>\n\t<meta property=\"og:image:height\" content=\"666\" \/>\n\t<meta property=\"og:image:type\" content=\"image\/jpeg\" \/>\n<meta name=\"twitter:card\" content=\"summary_large_image\" \/>\n<meta name=\"twitter:label1\" content=\"Est. reading time\" \/>\n\t<meta name=\"twitter:data1\" content=\"1 minuto\" \/>\n<script type=\"application\/ld+json\" class=\"yoast-schema-graph\">{\"@context\":\"https:\/\/schema.org\",\"@graph\":[{\"@type\":\"WebPage\",\"@id\":\"https:\/\/luganoairport.ch\/it\/services\/catering\/\",\"url\":\"https:\/\/luganoairport.ch\/it\/services\/catering\/\",\"name\":\"Catering - Lugano Airport\",\"isPartOf\":{\"@id\":\"https:\/\/luganoairport.ch\/#website\"},\"primaryImageOfPage\":{\"@id\":\"https:\/\/luganoairport.ch\/it\/services\/catering\/#primaryimage\"},\"image\":{\"@id\":\"https:\/\/luganoairport.ch\/it\/services\/catering\/#primaryimage\"},\"thumbnailUrl\":\"https:\/\/luganoairport.ch\/wp-content\/uploads\/2025\/07\/Catering-1908.jpeg\",\"datePublished\":\"2025-06-19T11:01:40+00:00\",\"dateModified\":\"2025-10-08T16:03:42+00:00\",\"breadcrumb\":{\"@id\":\"https:\/\/luganoairport.ch\/it\/services\/catering\/#breadcrumb\"},\"inLanguage\":\"it-IT\",\"potentialAction\":[{\"@type\":\"ReadAction\",\"target\":[\"https:\/\/luganoairport.ch\/it\/services\/catering\/\"]}]},{\"@type\":\"ImageObject\",\"inLanguage\":\"it-IT\",\"@id\":\"https:\/\/luganoairport.ch\/it\/services\/catering\/#primaryimage\",\"url\":\"https:\/\/luganoairport.ch\/wp-content\/uploads\/2025\/07\/Catering-1908.jpeg\",\"contentUrl\":\"https:\/\/luganoairport.ch\/wp-content\/uploads\/2025\/07\/Catering-1908.jpeg\",\"width\":1000,\"height\":666},{\"@type\":\"BreadcrumbList\",\"@id\":\"https:\/\/luganoairport.ch\/it\/services\/catering\/#breadcrumb\",\"itemListElement\":[{\"@type\":\"ListItem\",\"position\":1,\"name\":\"Home\",\"item\":\"https:\/\/luganoairport.ch\/it\/\"},{\"@type\":\"ListItem\",\"position\":2,\"name\":\"Servizi\",\"item\":\"https:\/\/luganoairport.ch\/it\/services\/\"},{\"@type\":\"ListItem\",\"position\":3,\"name\":\"Catering\"}]},{\"@type\":\"WebSite\",\"@id\":\"https:\/\/luganoairport.ch\/#website\",\"url\":\"https:\/\/luganoairport.ch\/\",\"name\":\"Lugano airport\",\"description\":\"\",\"publisher\":{\"@id\":\"https:\/\/luganoairport.ch\/#organization\"},\"potentialAction\":[{\"@type\":\"SearchAction\",\"target\":{\"@type\":\"EntryPoint\",\"urlTemplate\":\"https:\/\/luganoairport.ch\/?s={search_term_string}\"},\"query-input\":{\"@type\":\"PropertyValueSpecification\",\"valueRequired\":true,\"valueName\":\"search_term_string\"}}],\"inLanguage\":\"it-IT\"},{\"@type\":\"Organization\",\"@id\":\"https:\/\/luganoairport.ch\/#organization\",\"name\":\"Lugano airport\",\"url\":\"https:\/\/luganoairport.ch\/\",\"logo\":{\"@type\":\"ImageObject\",\"inLanguage\":\"it-IT\",\"@id\":\"https:\/\/luganoairport.ch\/#\/schema\/logo\/image\/\",\"url\":\"https:\/\/luganoairport.ch\/wp-content\/uploads\/2025\/06\/Logo.svg\",\"contentUrl\":\"https:\/\/luganoairport.ch\/wp-content\/uploads\/2025\/06\/Logo.svg\",\"width\":168,\"height\":24,\"caption\":\"Lugano airport\"},\"image\":{\"@id\":\"https:\/\/luganoairport.ch\/#\/schema\/logo\/image\/\"}}]}<\/script>\n<!-- \/ Yoast SEO plugin. -->","yoast_head_json":{"title":"Catering - Lugano Airport","robots":{"index":"index","follow":"follow","max-snippet":"max-snippet:-1","max-image-preview":"max-image-preview:large","max-video-preview":"max-video-preview:-1"},"canonical":"https:\/\/luganoairport.ch\/it\/services\/catering\/","og_locale":"it_IT","og_type":"article","og_title":"Catering - Lugano Airport","og_description":"Scopra di pi\u00f9 sul servizio di catering Il nostro&nbsp;menu catering&nbsp;\u00e8 solo un elenco generale di ci\u00f2 che siamo in grado di fornire, pertanto non esitate a contattarci per qualsiasi variazione di piatto o richiesta speciale. Offriamo cibo di alta qualit\u00e0, utilizzando gli ingredienti pi\u00f9 pregiati e freschi. Il nostro fornitore&nbsp;1908 Group SA&nbsp;propone un menu catering [&hellip;]","og_url":"https:\/\/luganoairport.ch\/it\/services\/catering\/","og_site_name":"Lugano Airport","article_modified_time":"2025-10-08T16:03:42+00:00","og_image":[{"width":1000,"height":666,"url":"https:\/\/luganoairport.ch\/wp-content\/uploads\/2025\/07\/Catering-1908.jpeg","type":"image\/jpeg"}],"twitter_card":"summary_large_image","twitter_misc":{"Est. reading time":"1 minuto"},"schema":{"@context":"https:\/\/schema.org","@graph":[{"@type":"WebPage","@id":"https:\/\/luganoairport.ch\/it\/services\/catering\/","url":"https:\/\/luganoairport.ch\/it\/services\/catering\/","name":"Catering - Lugano Airport","isPartOf":{"@id":"https:\/\/luganoairport.ch\/#website"},"primaryImageOfPage":{"@id":"https:\/\/luganoairport.ch\/it\/services\/catering\/#primaryimage"},"image":{"@id":"https:\/\/luganoairport.ch\/it\/services\/catering\/#primaryimage"},"thumbnailUrl":"https:\/\/luganoairport.ch\/wp-content\/uploads\/2025\/07\/Catering-1908.jpeg","datePublished":"2025-06-19T11:01:40+00:00","dateModified":"2025-10-08T16:03:42+00:00","breadcrumb":{"@id":"https:\/\/luganoairport.ch\/it\/services\/catering\/#breadcrumb"},"inLanguage":"it-IT","potentialAction":[{"@type":"ReadAction","target":["https:\/\/luganoairport.ch\/it\/services\/catering\/"]}]},{"@type":"ImageObject","inLanguage":"it-IT","@id":"https:\/\/luganoairport.ch\/it\/services\/catering\/#primaryimage","url":"https:\/\/luganoairport.ch\/wp-content\/uploads\/2025\/07\/Catering-1908.jpeg","contentUrl":"https:\/\/luganoairport.ch\/wp-content\/uploads\/2025\/07\/Catering-1908.jpeg","width":1000,"height":666},{"@type":"BreadcrumbList","@id":"https:\/\/luganoairport.ch\/it\/services\/catering\/#breadcrumb","itemListElement":[{"@type":"ListItem","position":1,"name":"Home","item":"https:\/\/luganoairport.ch\/it\/"},{"@type":"ListItem","position":2,"name":"Servizi","item":"https:\/\/luganoairport.ch\/it\/services\/"},{"@type":"ListItem","position":3,"name":"Catering"}]},{"@type":"WebSite","@id":"https:\/\/luganoairport.ch\/#website","url":"https:\/\/luganoairport.ch\/","name":"Lugano airport","description":"","publisher":{"@id":"https:\/\/luganoairport.ch\/#organization"},"potentialAction":[{"@type":"SearchAction","target":{"@type":"EntryPoint","urlTemplate":"https:\/\/luganoairport.ch\/?s={search_term_string}"},"query-input":{"@type":"PropertyValueSpecification","valueRequired":true,"valueName":"search_term_string"}}],"inLanguage":"it-IT"},{"@type":"Organization","@id":"https:\/\/luganoairport.ch\/#organization","name":"Lugano airport","url":"https:\/\/luganoairport.ch\/","logo":{"@type":"ImageObject","inLanguage":"it-IT","@id":"https:\/\/luganoairport.ch\/#\/schema\/logo\/image\/","url":"https:\/\/luganoairport.ch\/wp-content\/uploads\/2025\/06\/Logo.svg","contentUrl":"https:\/\/luganoairport.ch\/wp-content\/uploads\/2025\/06\/Logo.svg","width":168,"height":24,"caption":"Lugano airport"},"image":{"@id":"https:\/\/luganoairport.ch\/#\/schema\/logo\/image\/"}}]}},"_links":{"self":[{"href":"https:\/\/luganoairport.ch\/it\/wp-json\/wp\/v2\/pages\/1272","targetHints":{"allow":["GET"]}}],"collection":[{"href":"https:\/\/luganoairport.ch\/it\/wp-json\/wp\/v2\/pages"}],"about":[{"href":"https:\/\/luganoairport.ch\/it\/wp-json\/wp\/v2\/types\/page"}],"author":[{"embeddable":true,"href":"https:\/\/luganoairport.ch\/it\/wp-json\/wp\/v2\/users\/1"}],"replies":[{"embeddable":true,"href":"https:\/\/luganoairport.ch\/it\/wp-json\/wp\/v2\/comments?post=1272"}],"version-history":[{"count":3,"href":"https:\/\/luganoairport.ch\/it\/wp-json\/wp\/v2\/pages\/1272\/revisions"}],"predecessor-version":[{"id":1714,"href":"https:\/\/luganoairport.ch\/it\/wp-json\/wp\/v2\/pages\/1272\/revisions\/1714"}],"up":[{"embeddable":true,"href":"https:\/\/luganoairport.ch\/it\/wp-json\/wp\/v2\/pages\/1281"}],"wp:featuredmedia":[{"embeddable":true,"href":"https:\/\/luganoairport.ch\/it\/wp-json\/wp\/v2\/media\/533"}],"wp:attachment":[{"href":"https:\/\/luganoairport.ch\/it\/wp-json\/wp\/v2\/media?parent=1272"}],"curies":[{"name":"wp","href":"https:\/\/api.w.org\/{rel}","templated":true}]}}