{"id":1275,"date":"2025-06-19T13:01:15","date_gmt":"2025-06-19T11:01:15","guid":{"rendered":"https:\/\/dev.lugano-airport.berta-bewegt.ch\/ramp-services\/"},"modified":"2025-12-09T09:43:48","modified_gmt":"2025-12-09T08:43:48","slug":"ramp-services","status":"publish","type":"page","link":"https:\/\/luganoairport.ch\/it\/services\/ramp-services\/","title":{"rendered":"Servizi a terra"},"content":{"rendered":"\n<h4 class=\"wp-block-heading\">L\u2019Aeroporto di Lugano \u00e8 l\u2019agente ufficiale per il servizio di handling. Il nostro team, cordiale, professionale e motivato, \u00e8 a disposizione per offrire un servizio affidabile e attento durante tutta la vostra permanenza.<\/h4>\n\n\n\n<p>Il nostro obiettivo principale \u00e8 soddisfare tutte le vostre richieste e fare del nostro meglio affinch\u00e9 il vostro volo sia il pi\u00f9 piacevole possibile, massimizzando l\u2019efficienza in tutti i servizi offerti.<\/p>\n\n\n\n            <div class=\"accordion-block section-block-margins\" id=\"\">\n            <div class=\"accordion\">\n                                    <div class=\"accordion-item\">\n                        <div class=\"accordion-item-header-block\" data-number=\"0\">\n                            <h3 class=\"like-h4 mb_0\">Servizi di assistenza per l&#8217;aviazione generale &#8211; FBO (aviazione business)<\/h3>\n                            <svg xmlns=\"http:\/\/www.w3.org\/2000\/svg\" width=\"26\" height=\"15\" viewBox=\"0 0 26 15\" fill=\"none\">\n                                <path d=\"M1 1.5L11.5858 12.8708C12.3668 13.7097 13.6332 13.7097 14.4142 12.8708L25 1.5\" stroke=\"#305272\" stroke-width=\"2\" stroke-linecap=\"round\"\/>\n                            <\/svg>\n                        <\/div>\n\n                        <div class=\"accordion-item-content-block\">\n                            <div class=\"accordion-item-content-inner-block\">\n                                                                    <div class=\"default-text-block\">\n                                        <p><strong><span lang=\"IT-CH\">Handling \u2013 Full-Service<\/span><\/strong><\/p>\n<p><strong><span lang=\"IT-CH\">Cosa \u00e8 incluso nella nostra tariffa di handling:<\/span><\/strong><\/p>\n<ul type=\"disc\">\n<li><span lang=\"IT-CH\">Servizio di Handling completo<\/span><\/li>\n<li><span lang=\"IT-CH\">Efficiente Imbarco e sbarco di passeggeri ed equipaggio<\/span><\/li>\n<li>Assistenza doganale, immigrazione ed emigrazione<\/li>\n<li><span lang=\"IT-CH\">Uso della nostra VIP Lounge e delle strutture dedicate all\u2019equipaggio<\/span><\/li>\n<li>Wifi gratuito<\/li>\n<\/ul>\n<p><strong>Cosa organizziamo per voi:<\/strong><\/p>\n<ul type=\"disc\">\n<li>Prenotazioni alberghiere<\/li>\n<li>Servizi di limousine con autista<\/li>\n<li><span lang=\"IT-CH\">VIP Catering personalizzato secondo le vostre preferenze<\/span><\/li>\n<li><span lang=\"IT-CH\">Assistenza per il trasporto dell\u2019equipaggio<\/span><\/li>\n<li><span lang=\"IT-CH\">Supporto di tutti i servizi a terra, in coordinazione con il personale di rampa<\/span><\/li>\n<\/ul>\n<p><strong>Buono a sapersi:<\/strong><\/p>\n<ul type=\"disc\">\n<li><b><span lang=\"IT-CH\">Nessuna restrizione di slot<\/span><\/b><span lang=\"IT-CH\"> \u2013 massima flessibilit\u00e0 nella pianificazione dei voli<\/span><\/li>\n<li><b><span lang=\"IT-CH\">Accesso diretto sull\u2019apron<\/span><\/b><span lang=\"IT-CH\"> <b>con veicolo proprio<\/b> \u2013 imbarco rapido per i vostri passeggeri<\/span><\/li>\n<li><b><span lang=\"IT-CH\">Solo un minuto a piedi<\/span><\/b><span lang=\"IT-CH\"> dal parcheggio dell\u2019aeromobile al FBO<\/span><\/li>\n<li><b><span lang=\"IT-CH\">Terminale unico<\/span><\/b><span lang=\"IT-CH\"> \u2013 accesso al piazzale rapido e semplice<\/span><\/li>\n<li><b><span lang=\"IT-CH\">Parcheggio VIP<\/span><\/b><span lang=\"IT-CH\"> \u2013 direttamente adiacente al terminal<\/span><\/li>\n<\/ul>\n                                    <\/div>\n                                                            <\/div>\n                        <\/div>\n                    <\/div>\n                                        <div class=\"accordion-item\">\n                        <div class=\"accordion-item-header-block\" data-number=\"1\">\n                            <h3 class=\"like-h4 mb_0\">Servizi di assistenza a terra per l&#8217;aviazione commerciale (voli di linea e charter)<\/h3>\n                            <svg xmlns=\"http:\/\/www.w3.org\/2000\/svg\" width=\"26\" height=\"15\" viewBox=\"0 0 26 15\" fill=\"none\">\n                                <path d=\"M1 1.5L11.5858 12.8708C12.3668 13.7097 13.6332 13.7097 14.4142 12.8708L25 1.5\" stroke=\"#305272\" stroke-width=\"2\" stroke-linecap=\"round\"\/>\n                            <\/svg>\n                        <\/div>\n\n                        <div class=\"accordion-item-content-block\">\n                            <div class=\"accordion-item-content-inner-block\">\n                                                                    <div class=\"default-text-block\">\n                                        <p>L&#8217;aeroporto di Lugano offre i principali servizi di assistenza per l&#8217;aviazione commerciale, quali check-in, servizi dedicati ai passeggeri, assistenza ai passeggeri a mobilit\u00e0 ridotta (PRM), assistenza ai minori non accompagnati, controllo del carico, controllo della stazione, assistenza in caso di irregolarit\u00e0.<\/p>\n                                    <\/div>\n                                                            <\/div>\n                        <\/div>\n                    <\/div>\n                                        <div class=\"accordion-item\">\n                        <div class=\"accordion-item-header-block\" data-number=\"2\">\n                            <h3 class=\"like-h4 mb_0\">Assistenza e servizi a terra personale rampa<\/h3>\n                            <svg xmlns=\"http:\/\/www.w3.org\/2000\/svg\" width=\"26\" height=\"15\" viewBox=\"0 0 26 15\" fill=\"none\">\n                                <path d=\"M1 1.5L11.5858 12.8708C12.3668 13.7097 13.6332 13.7097 14.4142 12.8708L25 1.5\" stroke=\"#305272\" stroke-width=\"2\" stroke-linecap=\"round\"\/>\n                            <\/svg>\n                        <\/div>\n\n                        <div class=\"accordion-item-content-block\">\n                            <div class=\"accordion-item-content-inner-block\">\n                                                                    <div class=\"default-text-block\">\n                                        <p><!-- wp:list --><\/p>\n<ul class=\"wp-block-list\">\n<li style=\"list-style-type: none;\">\n<ul class=\"wp-block-list\"><!-- wp:list-item --><\/ul>\n<\/li>\n<\/ul>\n<ul>\n<li>Tipologie di carburante\/oli JET A1, AVGAS 100LL<!-- \/wp:list-item --> <!-- wp:list-item --><\/li>\n<li>Strutture\/capacit\u00e0 di rifornimento carburante: nessuna limitazione per tutti i tipi di aeromobii autorizzati AD<!-- \/wp:list-item --> <!-- wp:list-item --><\/li>\n<li>Servizio di sbrinamento: Lugano Airport\u00a0 \u2013 Servizio disponibile dal 01NOV al 30APR<\/li>\n<li>Fluido antigelo disponibile: tipo II Killfrost ABC K-Plus<!-- \/wp:list-item --><\/li>\n<li><!-- wp:list-item -->Strutture di riparazione per aeromobili in visita: Hangar, Riparazioni importanti di aeromobili<\/li>\n<\/ul>\n<ul class=\"wp-block-list\">\n<li style=\"list-style-type: none;\"><\/li>\n<\/ul>\n                                    <\/div>\n                                                            <\/div>\n                        <\/div>\n                    <\/div>\n                                        <div class=\"accordion-item\">\n                        <div class=\"accordion-item-header-block\" data-number=\"3\">\n                            <h3 class=\"like-h4 mb_0\">Servizio di soccorso e antincendio (RFFS)<\/h3>\n                            <svg xmlns=\"http:\/\/www.w3.org\/2000\/svg\" width=\"26\" height=\"15\" viewBox=\"0 0 26 15\" fill=\"none\">\n                                <path d=\"M1 1.5L11.5858 12.8708C12.3668 13.7097 13.6332 13.7097 14.4142 12.8708L25 1.5\" stroke=\"#305272\" stroke-width=\"2\" stroke-linecap=\"round\"\/>\n                            <\/svg>\n                        <\/div>\n\n                        <div class=\"accordion-item-content-block\">\n                            <div class=\"accordion-item-content-inner-block\">\n                                                                    <div class=\"default-text-block\">\n                                        <p>Categoria aeroportuale per antincendio<\/p>\n<ul>\n<li>Categoria <b>3<\/b> sempre garantita<\/li>\n<li>Categoria <b>4<\/b> su richiesta 3 ore prima dell\u2019orario previsto di arrivo\/partenza<\/li>\n<li>Categoria <b>5<\/b> e <b>6<\/b> su richiesta, preferibilmente con 24\/h di anticipo prima dell\u2019orario di arrivo\/partenza<\/li>\n<\/ul>\n                                    <\/div>\n                                                            <\/div>\n                        <\/div>\n                    <\/div>\n                                <\/div>\n        <\/div>\n    \n","protected":false},"excerpt":{"rendered":"<p>L\u2019Aeroporto di Lugano \u00e8 l\u2019agente ufficiale per il servizio di handling. Il nostro team, cordiale, professionale e motivato, \u00e8 a disposizione per offrire un servizio affidabile e attento durante tutta la vostra permanenza. Il nostro obiettivo principale \u00e8 soddisfare tutte le vostre richieste e fare del nostro meglio affinch\u00e9 il vostro volo sia il pi\u00f9 [&hellip;]<\/p>\n","protected":false},"author":1,"featured_media":0,"parent":1281,"menu_order":0,"comment_status":"closed","ping_status":"closed","template":"","meta":{"_acf_changed":false,"inline_featured_image":false,"footnotes":""},"class_list":["post-1275","page","type-page","status-publish","hentry"],"acf":[],"yoast_head":"<!-- This site is optimized with the Yoast SEO plugin v26.5 - https:\/\/yoast.com\/wordpress\/plugins\/seo\/ -->\n<title>Servizi a terra - Lugano Airport<\/title>\n<meta name=\"robots\" content=\"index, follow, max-snippet:-1, max-image-preview:large, max-video-preview:-1\" \/>\n<link rel=\"canonical\" href=\"https:\/\/luganoairport.ch\/it\/services\/ramp-services\/\" \/>\n<meta property=\"og:locale\" content=\"it_IT\" \/>\n<meta property=\"og:type\" content=\"article\" \/>\n<meta property=\"og:title\" content=\"Servizi a terra - Lugano Airport\" \/>\n<meta property=\"og:description\" content=\"L\u2019Aeroporto di Lugano \u00e8 l\u2019agente ufficiale per il servizio di handling. Il nostro team, cordiale, professionale e motivato, \u00e8 a disposizione per offrire un servizio affidabile e attento durante tutta la vostra permanenza. Il nostro obiettivo principale \u00e8 soddisfare tutte le vostre richieste e fare del nostro meglio affinch\u00e9 il vostro volo sia il pi\u00f9 [&hellip;]\" \/>\n<meta property=\"og:url\" content=\"https:\/\/luganoairport.ch\/it\/services\/ramp-services\/\" \/>\n<meta property=\"og:site_name\" content=\"Lugano Airport\" \/>\n<meta property=\"article:modified_time\" content=\"2025-12-09T08:43:48+00:00\" \/>\n<meta name=\"twitter:card\" content=\"summary_large_image\" \/>\n<meta name=\"twitter:label1\" content=\"Est. reading time\" \/>\n\t<meta name=\"twitter:data1\" content=\"1 minuto\" \/>\n<script type=\"application\/ld+json\" class=\"yoast-schema-graph\">{\"@context\":\"https:\/\/schema.org\",\"@graph\":[{\"@type\":\"WebPage\",\"@id\":\"https:\/\/luganoairport.ch\/it\/services\/ramp-services\/\",\"url\":\"https:\/\/luganoairport.ch\/it\/services\/ramp-services\/\",\"name\":\"Servizi a terra - Lugano Airport\",\"isPartOf\":{\"@id\":\"https:\/\/luganoairport.ch\/#website\"},\"datePublished\":\"2025-06-19T11:01:15+00:00\",\"dateModified\":\"2025-12-09T08:43:48+00:00\",\"breadcrumb\":{\"@id\":\"https:\/\/luganoairport.ch\/it\/services\/ramp-services\/#breadcrumb\"},\"inLanguage\":\"it-IT\",\"potentialAction\":[{\"@type\":\"ReadAction\",\"target\":[\"https:\/\/luganoairport.ch\/it\/services\/ramp-services\/\"]}]},{\"@type\":\"BreadcrumbList\",\"@id\":\"https:\/\/luganoairport.ch\/it\/services\/ramp-services\/#breadcrumb\",\"itemListElement\":[{\"@type\":\"ListItem\",\"position\":1,\"name\":\"Home\",\"item\":\"https:\/\/luganoairport.ch\/it\/\"},{\"@type\":\"ListItem\",\"position\":2,\"name\":\"Servizi\",\"item\":\"https:\/\/luganoairport.ch\/it\/services\/\"},{\"@type\":\"ListItem\",\"position\":3,\"name\":\"Servizi a terra\"}]},{\"@type\":\"WebSite\",\"@id\":\"https:\/\/luganoairport.ch\/#website\",\"url\":\"https:\/\/luganoairport.ch\/\",\"name\":\"Lugano airport\",\"description\":\"\",\"publisher\":{\"@id\":\"https:\/\/luganoairport.ch\/#organization\"},\"potentialAction\":[{\"@type\":\"SearchAction\",\"target\":{\"@type\":\"EntryPoint\",\"urlTemplate\":\"https:\/\/luganoairport.ch\/?s={search_term_string}\"},\"query-input\":{\"@type\":\"PropertyValueSpecification\",\"valueRequired\":true,\"valueName\":\"search_term_string\"}}],\"inLanguage\":\"it-IT\"},{\"@type\":\"Organization\",\"@id\":\"https:\/\/luganoairport.ch\/#organization\",\"name\":\"Lugano airport\",\"url\":\"https:\/\/luganoairport.ch\/\",\"logo\":{\"@type\":\"ImageObject\",\"inLanguage\":\"it-IT\",\"@id\":\"https:\/\/luganoairport.ch\/#\/schema\/logo\/image\/\",\"url\":\"https:\/\/luganoairport.ch\/wp-content\/uploads\/2025\/06\/Logo.svg\",\"contentUrl\":\"https:\/\/luganoairport.ch\/wp-content\/uploads\/2025\/06\/Logo.svg\",\"width\":168,\"height\":24,\"caption\":\"Lugano airport\"},\"image\":{\"@id\":\"https:\/\/luganoairport.ch\/#\/schema\/logo\/image\/\"}}]}<\/script>\n<!-- \/ Yoast SEO plugin. -->","yoast_head_json":{"title":"Servizi a terra - Lugano Airport","robots":{"index":"index","follow":"follow","max-snippet":"max-snippet:-1","max-image-preview":"max-image-preview:large","max-video-preview":"max-video-preview:-1"},"canonical":"https:\/\/luganoairport.ch\/it\/services\/ramp-services\/","og_locale":"it_IT","og_type":"article","og_title":"Servizi a terra - Lugano Airport","og_description":"L\u2019Aeroporto di Lugano \u00e8 l\u2019agente ufficiale per il servizio di handling. Il nostro team, cordiale, professionale e motivato, \u00e8 a disposizione per offrire un servizio affidabile e attento durante tutta la vostra permanenza. Il nostro obiettivo principale \u00e8 soddisfare tutte le vostre richieste e fare del nostro meglio affinch\u00e9 il vostro volo sia il pi\u00f9 [&hellip;]","og_url":"https:\/\/luganoairport.ch\/it\/services\/ramp-services\/","og_site_name":"Lugano Airport","article_modified_time":"2025-12-09T08:43:48+00:00","twitter_card":"summary_large_image","twitter_misc":{"Est. reading time":"1 minuto"},"schema":{"@context":"https:\/\/schema.org","@graph":[{"@type":"WebPage","@id":"https:\/\/luganoairport.ch\/it\/services\/ramp-services\/","url":"https:\/\/luganoairport.ch\/it\/services\/ramp-services\/","name":"Servizi a terra - Lugano Airport","isPartOf":{"@id":"https:\/\/luganoairport.ch\/#website"},"datePublished":"2025-06-19T11:01:15+00:00","dateModified":"2025-12-09T08:43:48+00:00","breadcrumb":{"@id":"https:\/\/luganoairport.ch\/it\/services\/ramp-services\/#breadcrumb"},"inLanguage":"it-IT","potentialAction":[{"@type":"ReadAction","target":["https:\/\/luganoairport.ch\/it\/services\/ramp-services\/"]}]},{"@type":"BreadcrumbList","@id":"https:\/\/luganoairport.ch\/it\/services\/ramp-services\/#breadcrumb","itemListElement":[{"@type":"ListItem","position":1,"name":"Home","item":"https:\/\/luganoairport.ch\/it\/"},{"@type":"ListItem","position":2,"name":"Servizi","item":"https:\/\/luganoairport.ch\/it\/services\/"},{"@type":"ListItem","position":3,"name":"Servizi a terra"}]},{"@type":"WebSite","@id":"https:\/\/luganoairport.ch\/#website","url":"https:\/\/luganoairport.ch\/","name":"Lugano airport","description":"","publisher":{"@id":"https:\/\/luganoairport.ch\/#organization"},"potentialAction":[{"@type":"SearchAction","target":{"@type":"EntryPoint","urlTemplate":"https:\/\/luganoairport.ch\/?s={search_term_string}"},"query-input":{"@type":"PropertyValueSpecification","valueRequired":true,"valueName":"search_term_string"}}],"inLanguage":"it-IT"},{"@type":"Organization","@id":"https:\/\/luganoairport.ch\/#organization","name":"Lugano airport","url":"https:\/\/luganoairport.ch\/","logo":{"@type":"ImageObject","inLanguage":"it-IT","@id":"https:\/\/luganoairport.ch\/#\/schema\/logo\/image\/","url":"https:\/\/luganoairport.ch\/wp-content\/uploads\/2025\/06\/Logo.svg","contentUrl":"https:\/\/luganoairport.ch\/wp-content\/uploads\/2025\/06\/Logo.svg","width":168,"height":24,"caption":"Lugano airport"},"image":{"@id":"https:\/\/luganoairport.ch\/#\/schema\/logo\/image\/"}}]}},"_links":{"self":[{"href":"https:\/\/luganoairport.ch\/it\/wp-json\/wp\/v2\/pages\/1275","targetHints":{"allow":["GET"]}}],"collection":[{"href":"https:\/\/luganoairport.ch\/it\/wp-json\/wp\/v2\/pages"}],"about":[{"href":"https:\/\/luganoairport.ch\/it\/wp-json\/wp\/v2\/types\/page"}],"author":[{"embeddable":true,"href":"https:\/\/luganoairport.ch\/it\/wp-json\/wp\/v2\/users\/1"}],"replies":[{"embeddable":true,"href":"https:\/\/luganoairport.ch\/it\/wp-json\/wp\/v2\/comments?post=1275"}],"version-history":[{"count":3,"href":"https:\/\/luganoairport.ch\/it\/wp-json\/wp\/v2\/pages\/1275\/revisions"}],"predecessor-version":[{"id":1912,"href":"https:\/\/luganoairport.ch\/it\/wp-json\/wp\/v2\/pages\/1275\/revisions\/1912"}],"up":[{"embeddable":true,"href":"https:\/\/luganoairport.ch\/it\/wp-json\/wp\/v2\/pages\/1281"}],"wp:attachment":[{"href":"https:\/\/luganoairport.ch\/it\/wp-json\/wp\/v2\/media?parent=1275"}],"curies":[{"name":"wp","href":"https:\/\/api.w.org\/{rel}","templated":true}]}}