{"id":1276,"date":"2025-06-19T13:01:08","date_gmt":"2025-06-19T11:01:08","guid":{"rendered":"https:\/\/dev.lugano-airport.berta-bewegt.ch\/hotel-reservation\/"},"modified":"2025-10-08T18:44:57","modified_gmt":"2025-10-08T16:44:57","slug":"hotel-reservation","status":"publish","type":"page","link":"https:\/\/luganoairport.ch\/it\/services\/hotel-reservation\/","title":{"rendered":"Riservare un Hotel"},"content":{"rendered":"\n<p><br><strong><strong>State pianificando una visita breve o un soggiorno prolungato?<\/strong><\/strong><\/p>\n\n\n\n<p>Che il vostro soggiorno sia di un solo giorno o di pi\u00f9 giorni, il nostro ufficio di assistenza sar\u00e0 lieto di consigliarvi le opzioni di alloggio pi\u00f9 adatte alle vostre esigenze.<br>Grazie alle nostre partnership esclusive con una selezione di rinomati hotel locali, siamo in grado di offrire tariffe preferenziali e saremo lieti di organizzare il vostro soggiorno senza costi aggiuntivi.<br><br><strong>Nelle vicinanze dell&#8217;aeroporto (10 minuti a piedi)&nbsp;<\/strong><br><a href=\"https:\/\/stayregina.ch\/\">Regina B&amp;B<\/a>&nbsp;<br><br><strong>Centro Citt\u00e0 di Lugano:&nbsp;<\/strong><br><a href=\"https:\/\/www.hotel-international.ch\/\">International au Lac<\/a> *** <br><a href=\"https:\/\/luganodante.com\/\">Hotel Dante<\/a> **** <br><a href=\"https:\/\/www.hotelzurigo.ch\/\">Hotel Zurigo Downtown<\/a>*** <br><br><strong>Vicino al centro citt\u00e0:<\/strong> <strong>&nbsp;<\/strong><br><a href=\"https:\/\/delapaix.ch\/en\/\">Hotel De la Paix <\/a>**** <br><a href=\"https:\/\/www.parco-paradiso.com\/\">Hotel Parco Paradiso<\/a> **** <br><a href=\"https:\/\/hoteldelfinolugano.ch\/\">Hotel Delifno<\/a> *** &nbsp;<br><br><strong>Nel raggio di 10 km da Lugano Airport:&nbsp;<\/strong><br><a href=\"https:\/\/bellevue-lugano.ch\/\">Bellevue Bellavista<\/a> *** &nbsp;<br><a href=\"https:\/\/tresabay.ch\/\">Tresa bay<\/a> *** &nbsp;<br><a href=\"https:\/\/tresabay.ch\/\">Villa Garni Gardenia<\/a> **** &nbsp;<br><br><em><em>I prezzi sono soggetti a disponibilit\u00e0 al momento della prenotazione e variano in base alla data di arrivo.<\/em><\/em><\/p>\n\n\n\n<p><\/p>\n\n\n\n<p><\/p>\n","protected":false},"excerpt":{"rendered":"<p>State pianificando una visita breve o un soggiorno prolungato? Che il vostro soggiorno sia di un solo giorno o di pi\u00f9 giorni, il nostro ufficio di assistenza sar\u00e0 lieto di consigliarvi le opzioni di alloggio pi\u00f9 adatte alle vostre esigenze.Grazie alle nostre partnership esclusive con una selezione di rinomati hotel locali, siamo in grado di [&hellip;]<\/p>\n","protected":false},"author":1,"featured_media":1052,"parent":1281,"menu_order":0,"comment_status":"closed","ping_status":"closed","template":"","meta":{"_acf_changed":false,"inline_featured_image":false,"footnotes":""},"class_list":["post-1276","page","type-page","status-publish","has-post-thumbnail","hentry"],"acf":[],"yoast_head":"<!-- This site is optimized with the Yoast SEO plugin v26.5 - https:\/\/yoast.com\/wordpress\/plugins\/seo\/ -->\n<title>Riservare un Hotel - Lugano Airport<\/title>\n<meta name=\"robots\" content=\"index, follow, max-snippet:-1, max-image-preview:large, max-video-preview:-1\" \/>\n<link rel=\"canonical\" href=\"https:\/\/luganoairport.ch\/it\/services\/hotel-reservation\/\" \/>\n<meta property=\"og:locale\" content=\"it_IT\" \/>\n<meta property=\"og:type\" content=\"article\" \/>\n<meta property=\"og:title\" content=\"Riservare un Hotel - Lugano Airport\" \/>\n<meta property=\"og:description\" content=\"State pianificando una visita breve o un soggiorno prolungato? Che il vostro soggiorno sia di un solo giorno o di pi\u00f9 giorni, il nostro ufficio di assistenza sar\u00e0 lieto di consigliarvi le opzioni di alloggio pi\u00f9 adatte alle vostre esigenze.Grazie alle nostre partnership esclusive con una selezione di rinomati hotel locali, siamo in grado di [&hellip;]\" \/>\n<meta property=\"og:url\" content=\"https:\/\/luganoairport.ch\/it\/services\/hotel-reservation\/\" \/>\n<meta property=\"og:site_name\" content=\"Lugano Airport\" \/>\n<meta property=\"article:modified_time\" content=\"2025-10-08T16:44:57+00:00\" \/>\n<meta property=\"og:image\" content=\"https:\/\/luganoairport.ch\/wp-content\/uploads\/2025\/08\/pexels-pixabay-237371-scaled.jpg\" \/>\n\t<meta property=\"og:image:width\" content=\"2560\" \/>\n\t<meta property=\"og:image:height\" content=\"1708\" \/>\n\t<meta property=\"og:image:type\" content=\"image\/jpeg\" \/>\n<meta name=\"twitter:card\" content=\"summary_large_image\" \/>\n<meta name=\"twitter:label1\" content=\"Est. reading time\" \/>\n\t<meta name=\"twitter:data1\" content=\"1 minuto\" \/>\n<script type=\"application\/ld+json\" class=\"yoast-schema-graph\">{\"@context\":\"https:\/\/schema.org\",\"@graph\":[{\"@type\":\"WebPage\",\"@id\":\"https:\/\/luganoairport.ch\/it\/services\/hotel-reservation\/\",\"url\":\"https:\/\/luganoairport.ch\/it\/services\/hotel-reservation\/\",\"name\":\"Riservare un Hotel - Lugano Airport\",\"isPartOf\":{\"@id\":\"https:\/\/luganoairport.ch\/#website\"},\"primaryImageOfPage\":{\"@id\":\"https:\/\/luganoairport.ch\/it\/services\/hotel-reservation\/#primaryimage\"},\"image\":{\"@id\":\"https:\/\/luganoairport.ch\/it\/services\/hotel-reservation\/#primaryimage\"},\"thumbnailUrl\":\"https:\/\/luganoairport.ch\/wp-content\/uploads\/2025\/08\/pexels-pixabay-237371-scaled.jpg\",\"datePublished\":\"2025-06-19T11:01:08+00:00\",\"dateModified\":\"2025-10-08T16:44:57+00:00\",\"breadcrumb\":{\"@id\":\"https:\/\/luganoairport.ch\/it\/services\/hotel-reservation\/#breadcrumb\"},\"inLanguage\":\"it-IT\",\"potentialAction\":[{\"@type\":\"ReadAction\",\"target\":[\"https:\/\/luganoairport.ch\/it\/services\/hotel-reservation\/\"]}]},{\"@type\":\"ImageObject\",\"inLanguage\":\"it-IT\",\"@id\":\"https:\/\/luganoairport.ch\/it\/services\/hotel-reservation\/#primaryimage\",\"url\":\"https:\/\/luganoairport.ch\/wp-content\/uploads\/2025\/08\/pexels-pixabay-237371-scaled.jpg\",\"contentUrl\":\"https:\/\/luganoairport.ch\/wp-content\/uploads\/2025\/08\/pexels-pixabay-237371-scaled.jpg\",\"width\":2560,\"height\":1708},{\"@type\":\"BreadcrumbList\",\"@id\":\"https:\/\/luganoairport.ch\/it\/services\/hotel-reservation\/#breadcrumb\",\"itemListElement\":[{\"@type\":\"ListItem\",\"position\":1,\"name\":\"Home\",\"item\":\"https:\/\/luganoairport.ch\/it\/\"},{\"@type\":\"ListItem\",\"position\":2,\"name\":\"Servizi\",\"item\":\"https:\/\/luganoairport.ch\/it\/services\/\"},{\"@type\":\"ListItem\",\"position\":3,\"name\":\"Riservare un Hotel\"}]},{\"@type\":\"WebSite\",\"@id\":\"https:\/\/luganoairport.ch\/#website\",\"url\":\"https:\/\/luganoairport.ch\/\",\"name\":\"Lugano airport\",\"description\":\"\",\"publisher\":{\"@id\":\"https:\/\/luganoairport.ch\/#organization\"},\"potentialAction\":[{\"@type\":\"SearchAction\",\"target\":{\"@type\":\"EntryPoint\",\"urlTemplate\":\"https:\/\/luganoairport.ch\/?s={search_term_string}\"},\"query-input\":{\"@type\":\"PropertyValueSpecification\",\"valueRequired\":true,\"valueName\":\"search_term_string\"}}],\"inLanguage\":\"it-IT\"},{\"@type\":\"Organization\",\"@id\":\"https:\/\/luganoairport.ch\/#organization\",\"name\":\"Lugano airport\",\"url\":\"https:\/\/luganoairport.ch\/\",\"logo\":{\"@type\":\"ImageObject\",\"inLanguage\":\"it-IT\",\"@id\":\"https:\/\/luganoairport.ch\/#\/schema\/logo\/image\/\",\"url\":\"https:\/\/luganoairport.ch\/wp-content\/uploads\/2025\/06\/Logo.svg\",\"contentUrl\":\"https:\/\/luganoairport.ch\/wp-content\/uploads\/2025\/06\/Logo.svg\",\"width\":168,\"height\":24,\"caption\":\"Lugano airport\"},\"image\":{\"@id\":\"https:\/\/luganoairport.ch\/#\/schema\/logo\/image\/\"}}]}<\/script>\n<!-- \/ Yoast SEO plugin. -->","yoast_head_json":{"title":"Riservare un Hotel - Lugano Airport","robots":{"index":"index","follow":"follow","max-snippet":"max-snippet:-1","max-image-preview":"max-image-preview:large","max-video-preview":"max-video-preview:-1"},"canonical":"https:\/\/luganoairport.ch\/it\/services\/hotel-reservation\/","og_locale":"it_IT","og_type":"article","og_title":"Riservare un Hotel - Lugano Airport","og_description":"State pianificando una visita breve o un soggiorno prolungato? Che il vostro soggiorno sia di un solo giorno o di pi\u00f9 giorni, il nostro ufficio di assistenza sar\u00e0 lieto di consigliarvi le opzioni di alloggio pi\u00f9 adatte alle vostre esigenze.Grazie alle nostre partnership esclusive con una selezione di rinomati hotel locali, siamo in grado di [&hellip;]","og_url":"https:\/\/luganoairport.ch\/it\/services\/hotel-reservation\/","og_site_name":"Lugano Airport","article_modified_time":"2025-10-08T16:44:57+00:00","og_image":[{"width":2560,"height":1708,"url":"https:\/\/luganoairport.ch\/wp-content\/uploads\/2025\/08\/pexels-pixabay-237371-scaled.jpg","type":"image\/jpeg"}],"twitter_card":"summary_large_image","twitter_misc":{"Est. reading time":"1 minuto"},"schema":{"@context":"https:\/\/schema.org","@graph":[{"@type":"WebPage","@id":"https:\/\/luganoairport.ch\/it\/services\/hotel-reservation\/","url":"https:\/\/luganoairport.ch\/it\/services\/hotel-reservation\/","name":"Riservare un Hotel - Lugano Airport","isPartOf":{"@id":"https:\/\/luganoairport.ch\/#website"},"primaryImageOfPage":{"@id":"https:\/\/luganoairport.ch\/it\/services\/hotel-reservation\/#primaryimage"},"image":{"@id":"https:\/\/luganoairport.ch\/it\/services\/hotel-reservation\/#primaryimage"},"thumbnailUrl":"https:\/\/luganoairport.ch\/wp-content\/uploads\/2025\/08\/pexels-pixabay-237371-scaled.jpg","datePublished":"2025-06-19T11:01:08+00:00","dateModified":"2025-10-08T16:44:57+00:00","breadcrumb":{"@id":"https:\/\/luganoairport.ch\/it\/services\/hotel-reservation\/#breadcrumb"},"inLanguage":"it-IT","potentialAction":[{"@type":"ReadAction","target":["https:\/\/luganoairport.ch\/it\/services\/hotel-reservation\/"]}]},{"@type":"ImageObject","inLanguage":"it-IT","@id":"https:\/\/luganoairport.ch\/it\/services\/hotel-reservation\/#primaryimage","url":"https:\/\/luganoairport.ch\/wp-content\/uploads\/2025\/08\/pexels-pixabay-237371-scaled.jpg","contentUrl":"https:\/\/luganoairport.ch\/wp-content\/uploads\/2025\/08\/pexels-pixabay-237371-scaled.jpg","width":2560,"height":1708},{"@type":"BreadcrumbList","@id":"https:\/\/luganoairport.ch\/it\/services\/hotel-reservation\/#breadcrumb","itemListElement":[{"@type":"ListItem","position":1,"name":"Home","item":"https:\/\/luganoairport.ch\/it\/"},{"@type":"ListItem","position":2,"name":"Servizi","item":"https:\/\/luganoairport.ch\/it\/services\/"},{"@type":"ListItem","position":3,"name":"Riservare un Hotel"}]},{"@type":"WebSite","@id":"https:\/\/luganoairport.ch\/#website","url":"https:\/\/luganoairport.ch\/","name":"Lugano airport","description":"","publisher":{"@id":"https:\/\/luganoairport.ch\/#organization"},"potentialAction":[{"@type":"SearchAction","target":{"@type":"EntryPoint","urlTemplate":"https:\/\/luganoairport.ch\/?s={search_term_string}"},"query-input":{"@type":"PropertyValueSpecification","valueRequired":true,"valueName":"search_term_string"}}],"inLanguage":"it-IT"},{"@type":"Organization","@id":"https:\/\/luganoairport.ch\/#organization","name":"Lugano airport","url":"https:\/\/luganoairport.ch\/","logo":{"@type":"ImageObject","inLanguage":"it-IT","@id":"https:\/\/luganoairport.ch\/#\/schema\/logo\/image\/","url":"https:\/\/luganoairport.ch\/wp-content\/uploads\/2025\/06\/Logo.svg","contentUrl":"https:\/\/luganoairport.ch\/wp-content\/uploads\/2025\/06\/Logo.svg","width":168,"height":24,"caption":"Lugano airport"},"image":{"@id":"https:\/\/luganoairport.ch\/#\/schema\/logo\/image\/"}}]}},"_links":{"self":[{"href":"https:\/\/luganoairport.ch\/it\/wp-json\/wp\/v2\/pages\/1276","targetHints":{"allow":["GET"]}}],"collection":[{"href":"https:\/\/luganoairport.ch\/it\/wp-json\/wp\/v2\/pages"}],"about":[{"href":"https:\/\/luganoairport.ch\/it\/wp-json\/wp\/v2\/types\/page"}],"author":[{"embeddable":true,"href":"https:\/\/luganoairport.ch\/it\/wp-json\/wp\/v2\/users\/1"}],"replies":[{"embeddable":true,"href":"https:\/\/luganoairport.ch\/it\/wp-json\/wp\/v2\/comments?post=1276"}],"version-history":[{"count":3,"href":"https:\/\/luganoairport.ch\/it\/wp-json\/wp\/v2\/pages\/1276\/revisions"}],"predecessor-version":[{"id":1732,"href":"https:\/\/luganoairport.ch\/it\/wp-json\/wp\/v2\/pages\/1276\/revisions\/1732"}],"up":[{"embeddable":true,"href":"https:\/\/luganoairport.ch\/it\/wp-json\/wp\/v2\/pages\/1281"}],"wp:featuredmedia":[{"embeddable":true,"href":"https:\/\/luganoairport.ch\/it\/wp-json\/wp\/v2\/media\/1052"}],"wp:attachment":[{"href":"https:\/\/luganoairport.ch\/it\/wp-json\/wp\/v2\/media?parent=1276"}],"curies":[{"name":"wp","href":"https:\/\/api.w.org\/{rel}","templated":true}]}}