{"id":1284,"date":"2025-06-19T12:58:29","date_gmt":"2025-06-19T10:58:29","guid":{"rendered":"https:\/\/dev.lugano-airport.berta-bewegt.ch\/advertising\/"},"modified":"2025-09-11T15:27:01","modified_gmt":"2025-09-11T13:27:01","slug":"advertising","status":"publish","type":"page","link":"https:\/\/luganoairport.ch\/it\/about-us\/advertising\/","title":{"rendered":"Pubblicit\u00e0"},"content":{"rendered":"\n<h3 class=\"wp-block-heading\">Visibilit\u00e0 internazionale <\/h3>\n\n\n\n<p><strong>L&#8217;aeroporto rappresenta il contesto ideale per ottenere una visibilit\u00e0 pi\u00f9 ampia e internazionale per il vostro brand.<\/strong><\/p>\n\n\n\n<p>Il nostro bacino di utenza comprende clienti ad alto potenziale quali passeggeri, visitatori accompagnatori, utenti aeroportuali e appassionati di aviazione, tutti con un reddito e un potere di acquisto superiori alla media.<\/p>\n\n\n\n<p><strong>Offriamo una vasta gamma di spazi pubblicitari in tutto l&#8217;aeroporto e attraverso i nostri canali online<\/strong>, che possono essere completamente personalizzati in base alle esigenze e agli obiettivi della vostra azienda. Dai display digitali ad alta visibilit\u00e0 ai banner posizionati strategicamente e alle installazioni esperienziali uniche, ogni spazio pu\u00f2 essere personalizzato per massimizzare l&#8217;impatto del vostro marchio.<\/p>\n\n\n\n<p>Di seguito troverete le diverse soluzioni pubblicitarie e gli strumenti strategici per promuovere efficacemente il vostro marchio, tutti gestiti dal nostro team commerciale e marketing dedicato.<\/p>\n\n\n\n            <div class=\"accordion-block section-block-margins\" id=\"\">\n            <div class=\"accordion\">\n                                    <div class=\"accordion-item\">\n                        <div class=\"accordion-item-header-block\" data-number=\"0\">\n                            <h3 class=\"like-h4 mb_0\">Sistemi pubblicitari<\/h3>\n                            <svg xmlns=\"http:\/\/www.w3.org\/2000\/svg\" width=\"26\" height=\"15\" viewBox=\"0 0 26 15\" fill=\"none\">\n                                <path d=\"M1 1.5L11.5858 12.8708C12.3668 13.7097 13.6332 13.7097 14.4142 12.8708L25 1.5\" stroke=\"#305272\" stroke-width=\"2\" stroke-linecap=\"round\"\/>\n                            <\/svg>\n                        <\/div>\n\n                        <div class=\"accordion-item-content-block\">\n                            <div class=\"accordion-item-content-inner-block\">\n                                                                    <div class=\"default-text-block\">\n                                        <p>Tutti gli spazi pubblicitari, sia all&#8217;interno che all&#8217;esterno dell&#8217;aeroporto, sono dotati di nuovi e moderni sistemi di lightbox retroilluminati.<\/p>\n                                    <\/div>\n                                                            <\/div>\n                        <\/div>\n                    <\/div>\n                                        <div class=\"accordion-item\">\n                        <div class=\"accordion-item-header-block\" data-number=\"1\">\n                            <h3 class=\"like-h4 mb_0\">Attivit\u00e0 promozionali<\/h3>\n                            <svg xmlns=\"http:\/\/www.w3.org\/2000\/svg\" width=\"26\" height=\"15\" viewBox=\"0 0 26 15\" fill=\"none\">\n                                <path d=\"M1 1.5L11.5858 12.8708C12.3668 13.7097 13.6332 13.7097 14.4142 12.8708L25 1.5\" stroke=\"#305272\" stroke-width=\"2\" stroke-linecap=\"round\"\/>\n                            <\/svg>\n                        <\/div>\n\n                        <div class=\"accordion-item-content-block\">\n                            <div class=\"accordion-item-content-inner-block\">\n                                                                    <div class=\"default-text-block\">\n                                        <p>\u00c8 disponibile un&#8217;ampia gamma di soluzioni promozionali strategiche, quali esposizione e campionatura di prodotti o punti promozionali, che garantiranno al vostro marchio un&#8217;elevata visibilit\u00e0 all&#8217;aeroporto di Lugano.<\/p>\n                                    <\/div>\n                                                            <\/div>\n                        <\/div>\n                    <\/div>\n                                        <div class=\"accordion-item\">\n                        <div class=\"accordion-item-header-block\" data-number=\"2\">\n                            <h3 class=\"like-h4 mb_0\">Contatta il nostro team marketing<\/h3>\n                            <svg xmlns=\"http:\/\/www.w3.org\/2000\/svg\" width=\"26\" height=\"15\" viewBox=\"0 0 26 15\" fill=\"none\">\n                                <path d=\"M1 1.5L11.5858 12.8708C12.3668 13.7097 13.6332 13.7097 14.4142 12.8708L25 1.5\" stroke=\"#305272\" stroke-width=\"2\" stroke-linecap=\"round\"\/>\n                            <\/svg>\n                        <\/div>\n\n                        <div class=\"accordion-item-content-block\">\n                            <div class=\"accordion-item-content-inner-block\">\n                                                                    <div class=\"default-text-block\">\n                                        <p>Per visionare la nuova brochure, richiedere informazioni, dettagli e preventivi.<\/p>\n<p>Contatto: <a href=\"mailto:marketing@luganoairport.ch\">marketing@luganoairport.ch<\/a><\/p>\n                                    <\/div>\n                                                            <\/div>\n                        <\/div>\n                    <\/div>\n                                <\/div>\n        <\/div>\n    \n\n\n\n<h4 class=\"wp-block-heading\"><\/h4>\n\n\n\n<figure class=\"wp-block-image size-large\"><img loading=\"lazy\" decoding=\"async\" width=\"1200\" height=\"443\" src=\"https:\/\/luganoairport.ch\/wp-content\/uploads\/2025\/07\/IMG_3951-1-1200x443.jpg\" alt=\"\" class=\"wp-image-746\" srcset=\"https:\/\/luganoairport.ch\/wp-content\/uploads\/2025\/07\/IMG_3951-1-1200x443.jpg 1200w, https:\/\/luganoairport.ch\/wp-content\/uploads\/2025\/07\/IMG_3951-1-600x221.jpg 600w, https:\/\/luganoairport.ch\/wp-content\/uploads\/2025\/07\/IMG_3951-1-768x284.jpg 768w, https:\/\/luganoairport.ch\/wp-content\/uploads\/2025\/07\/IMG_3951-1-1536x567.jpg 1536w, https:\/\/luganoairport.ch\/wp-content\/uploads\/2025\/07\/IMG_3951-1-2048x756.jpg 2048w\" sizes=\"auto, (max-width: 1200px) 100vw, 1200px\" \/><\/figure>\n","protected":false},"excerpt":{"rendered":"<p>Visibilit\u00e0 internazionale L&#8217;aeroporto rappresenta il contesto ideale per ottenere una visibilit\u00e0 pi\u00f9 ampia e internazionale per il vostro brand. Il nostro bacino di utenza comprende clienti ad alto potenziale quali passeggeri, visitatori accompagnatori, utenti aeroportuali e appassionati di aviazione, tutti con un reddito e un potere di acquisto superiori alla media. Offriamo una vasta gamma [&hellip;]<\/p>\n","protected":false},"author":1,"featured_media":0,"parent":1293,"menu_order":0,"comment_status":"closed","ping_status":"closed","template":"","meta":{"_acf_changed":false,"inline_featured_image":false,"footnotes":""},"class_list":["post-1284","page","type-page","status-publish","hentry"],"acf":[],"yoast_head":"<!-- This site is optimized with the Yoast SEO plugin v26.5 - https:\/\/yoast.com\/wordpress\/plugins\/seo\/ -->\n<title>Pubblicit\u00e0 - Lugano Airport<\/title>\n<meta name=\"robots\" content=\"index, follow, max-snippet:-1, max-image-preview:large, max-video-preview:-1\" \/>\n<link rel=\"canonical\" href=\"https:\/\/luganoairport.ch\/it\/about-us\/advertising\/\" \/>\n<meta property=\"og:locale\" content=\"it_IT\" \/>\n<meta property=\"og:type\" content=\"article\" \/>\n<meta property=\"og:title\" content=\"Pubblicit\u00e0 - Lugano Airport\" \/>\n<meta property=\"og:description\" content=\"Visibilit\u00e0 internazionale L&#8217;aeroporto rappresenta il contesto ideale per ottenere una visibilit\u00e0 pi\u00f9 ampia e internazionale per il vostro brand. Il nostro bacino di utenza comprende clienti ad alto potenziale quali passeggeri, visitatori accompagnatori, utenti aeroportuali e appassionati di aviazione, tutti con un reddito e un potere di acquisto superiori alla media. Offriamo una vasta gamma [&hellip;]\" \/>\n<meta property=\"og:url\" content=\"https:\/\/luganoairport.ch\/it\/about-us\/advertising\/\" \/>\n<meta property=\"og:site_name\" content=\"Lugano Airport\" \/>\n<meta property=\"article:modified_time\" content=\"2025-09-11T13:27:01+00:00\" \/>\n<meta property=\"og:image\" content=\"https:\/\/luganoairport.ch\/wp-content\/uploads\/2025\/07\/IMG_3951-1-scaled.jpg\" \/>\n\t<meta property=\"og:image:width\" content=\"2560\" \/>\n\t<meta property=\"og:image:height\" content=\"945\" \/>\n\t<meta property=\"og:image:type\" content=\"image\/jpeg\" \/>\n<meta name=\"twitter:card\" content=\"summary_large_image\" \/>\n<meta name=\"twitter:label1\" content=\"Est. reading time\" \/>\n\t<meta name=\"twitter:data1\" content=\"1 minuto\" \/>\n<script type=\"application\/ld+json\" class=\"yoast-schema-graph\">{\"@context\":\"https:\/\/schema.org\",\"@graph\":[{\"@type\":\"WebPage\",\"@id\":\"https:\/\/luganoairport.ch\/it\/about-us\/advertising\/\",\"url\":\"https:\/\/luganoairport.ch\/it\/about-us\/advertising\/\",\"name\":\"Pubblicit\u00e0 - Lugano Airport\",\"isPartOf\":{\"@id\":\"https:\/\/luganoairport.ch\/#website\"},\"primaryImageOfPage\":{\"@id\":\"https:\/\/luganoairport.ch\/it\/about-us\/advertising\/#primaryimage\"},\"image\":{\"@id\":\"https:\/\/luganoairport.ch\/it\/about-us\/advertising\/#primaryimage\"},\"thumbnailUrl\":\"https:\/\/luganoairport.ch\/wp-content\/uploads\/2025\/07\/IMG_3951-1-1200x443.jpg\",\"datePublished\":\"2025-06-19T10:58:29+00:00\",\"dateModified\":\"2025-09-11T13:27:01+00:00\",\"breadcrumb\":{\"@id\":\"https:\/\/luganoairport.ch\/it\/about-us\/advertising\/#breadcrumb\"},\"inLanguage\":\"it-IT\",\"potentialAction\":[{\"@type\":\"ReadAction\",\"target\":[\"https:\/\/luganoairport.ch\/it\/about-us\/advertising\/\"]}]},{\"@type\":\"ImageObject\",\"inLanguage\":\"it-IT\",\"@id\":\"https:\/\/luganoairport.ch\/it\/about-us\/advertising\/#primaryimage\",\"url\":\"https:\/\/luganoairport.ch\/wp-content\/uploads\/2025\/07\/IMG_3951-1-1200x443.jpg\",\"contentUrl\":\"https:\/\/luganoairport.ch\/wp-content\/uploads\/2025\/07\/IMG_3951-1-1200x443.jpg\"},{\"@type\":\"BreadcrumbList\",\"@id\":\"https:\/\/luganoairport.ch\/it\/about-us\/advertising\/#breadcrumb\",\"itemListElement\":[{\"@type\":\"ListItem\",\"position\":1,\"name\":\"Home\",\"item\":\"https:\/\/luganoairport.ch\/it\/\"},{\"@type\":\"ListItem\",\"position\":2,\"name\":\"Su di noi\",\"item\":\"https:\/\/luganoairport.ch\/it\/about-us\/\"},{\"@type\":\"ListItem\",\"position\":3,\"name\":\"Pubblicit\u00e0\"}]},{\"@type\":\"WebSite\",\"@id\":\"https:\/\/luganoairport.ch\/#website\",\"url\":\"https:\/\/luganoairport.ch\/\",\"name\":\"Lugano airport\",\"description\":\"\",\"publisher\":{\"@id\":\"https:\/\/luganoairport.ch\/#organization\"},\"potentialAction\":[{\"@type\":\"SearchAction\",\"target\":{\"@type\":\"EntryPoint\",\"urlTemplate\":\"https:\/\/luganoairport.ch\/?s={search_term_string}\"},\"query-input\":{\"@type\":\"PropertyValueSpecification\",\"valueRequired\":true,\"valueName\":\"search_term_string\"}}],\"inLanguage\":\"it-IT\"},{\"@type\":\"Organization\",\"@id\":\"https:\/\/luganoairport.ch\/#organization\",\"name\":\"Lugano airport\",\"url\":\"https:\/\/luganoairport.ch\/\",\"logo\":{\"@type\":\"ImageObject\",\"inLanguage\":\"it-IT\",\"@id\":\"https:\/\/luganoairport.ch\/#\/schema\/logo\/image\/\",\"url\":\"https:\/\/luganoairport.ch\/wp-content\/uploads\/2025\/06\/Logo.svg\",\"contentUrl\":\"https:\/\/luganoairport.ch\/wp-content\/uploads\/2025\/06\/Logo.svg\",\"width\":168,\"height\":24,\"caption\":\"Lugano airport\"},\"image\":{\"@id\":\"https:\/\/luganoairport.ch\/#\/schema\/logo\/image\/\"}}]}<\/script>\n<!-- \/ Yoast SEO plugin. -->","yoast_head_json":{"title":"Pubblicit\u00e0 - Lugano Airport","robots":{"index":"index","follow":"follow","max-snippet":"max-snippet:-1","max-image-preview":"max-image-preview:large","max-video-preview":"max-video-preview:-1"},"canonical":"https:\/\/luganoairport.ch\/it\/about-us\/advertising\/","og_locale":"it_IT","og_type":"article","og_title":"Pubblicit\u00e0 - Lugano Airport","og_description":"Visibilit\u00e0 internazionale L&#8217;aeroporto rappresenta il contesto ideale per ottenere una visibilit\u00e0 pi\u00f9 ampia e internazionale per il vostro brand. Il nostro bacino di utenza comprende clienti ad alto potenziale quali passeggeri, visitatori accompagnatori, utenti aeroportuali e appassionati di aviazione, tutti con un reddito e un potere di acquisto superiori alla media. Offriamo una vasta gamma [&hellip;]","og_url":"https:\/\/luganoairport.ch\/it\/about-us\/advertising\/","og_site_name":"Lugano Airport","article_modified_time":"2025-09-11T13:27:01+00:00","og_image":[{"width":2560,"height":945,"url":"https:\/\/luganoairport.ch\/wp-content\/uploads\/2025\/07\/IMG_3951-1-scaled.jpg","type":"image\/jpeg"}],"twitter_card":"summary_large_image","twitter_misc":{"Est. reading time":"1 minuto"},"schema":{"@context":"https:\/\/schema.org","@graph":[{"@type":"WebPage","@id":"https:\/\/luganoairport.ch\/it\/about-us\/advertising\/","url":"https:\/\/luganoairport.ch\/it\/about-us\/advertising\/","name":"Pubblicit\u00e0 - Lugano Airport","isPartOf":{"@id":"https:\/\/luganoairport.ch\/#website"},"primaryImageOfPage":{"@id":"https:\/\/luganoairport.ch\/it\/about-us\/advertising\/#primaryimage"},"image":{"@id":"https:\/\/luganoairport.ch\/it\/about-us\/advertising\/#primaryimage"},"thumbnailUrl":"https:\/\/luganoairport.ch\/wp-content\/uploads\/2025\/07\/IMG_3951-1-1200x443.jpg","datePublished":"2025-06-19T10:58:29+00:00","dateModified":"2025-09-11T13:27:01+00:00","breadcrumb":{"@id":"https:\/\/luganoairport.ch\/it\/about-us\/advertising\/#breadcrumb"},"inLanguage":"it-IT","potentialAction":[{"@type":"ReadAction","target":["https:\/\/luganoairport.ch\/it\/about-us\/advertising\/"]}]},{"@type":"ImageObject","inLanguage":"it-IT","@id":"https:\/\/luganoairport.ch\/it\/about-us\/advertising\/#primaryimage","url":"https:\/\/luganoairport.ch\/wp-content\/uploads\/2025\/07\/IMG_3951-1-1200x443.jpg","contentUrl":"https:\/\/luganoairport.ch\/wp-content\/uploads\/2025\/07\/IMG_3951-1-1200x443.jpg"},{"@type":"BreadcrumbList","@id":"https:\/\/luganoairport.ch\/it\/about-us\/advertising\/#breadcrumb","itemListElement":[{"@type":"ListItem","position":1,"name":"Home","item":"https:\/\/luganoairport.ch\/it\/"},{"@type":"ListItem","position":2,"name":"Su di noi","item":"https:\/\/luganoairport.ch\/it\/about-us\/"},{"@type":"ListItem","position":3,"name":"Pubblicit\u00e0"}]},{"@type":"WebSite","@id":"https:\/\/luganoairport.ch\/#website","url":"https:\/\/luganoairport.ch\/","name":"Lugano airport","description":"","publisher":{"@id":"https:\/\/luganoairport.ch\/#organization"},"potentialAction":[{"@type":"SearchAction","target":{"@type":"EntryPoint","urlTemplate":"https:\/\/luganoairport.ch\/?s={search_term_string}"},"query-input":{"@type":"PropertyValueSpecification","valueRequired":true,"valueName":"search_term_string"}}],"inLanguage":"it-IT"},{"@type":"Organization","@id":"https:\/\/luganoairport.ch\/#organization","name":"Lugano airport","url":"https:\/\/luganoairport.ch\/","logo":{"@type":"ImageObject","inLanguage":"it-IT","@id":"https:\/\/luganoairport.ch\/#\/schema\/logo\/image\/","url":"https:\/\/luganoairport.ch\/wp-content\/uploads\/2025\/06\/Logo.svg","contentUrl":"https:\/\/luganoairport.ch\/wp-content\/uploads\/2025\/06\/Logo.svg","width":168,"height":24,"caption":"Lugano airport"},"image":{"@id":"https:\/\/luganoairport.ch\/#\/schema\/logo\/image\/"}}]}},"_links":{"self":[{"href":"https:\/\/luganoairport.ch\/it\/wp-json\/wp\/v2\/pages\/1284","targetHints":{"allow":["GET"]}}],"collection":[{"href":"https:\/\/luganoairport.ch\/it\/wp-json\/wp\/v2\/pages"}],"about":[{"href":"https:\/\/luganoairport.ch\/it\/wp-json\/wp\/v2\/types\/page"}],"author":[{"embeddable":true,"href":"https:\/\/luganoairport.ch\/it\/wp-json\/wp\/v2\/users\/1"}],"replies":[{"embeddable":true,"href":"https:\/\/luganoairport.ch\/it\/wp-json\/wp\/v2\/comments?post=1284"}],"version-history":[{"count":2,"href":"https:\/\/luganoairport.ch\/it\/wp-json\/wp\/v2\/pages\/1284\/revisions"}],"predecessor-version":[{"id":1394,"href":"https:\/\/luganoairport.ch\/it\/wp-json\/wp\/v2\/pages\/1284\/revisions\/1394"}],"up":[{"embeddable":true,"href":"https:\/\/luganoairport.ch\/it\/wp-json\/wp\/v2\/pages\/1293"}],"wp:attachment":[{"href":"https:\/\/luganoairport.ch\/it\/wp-json\/wp\/v2\/media?parent=1284"}],"curies":[{"name":"wp","href":"https:\/\/api.w.org\/{rel}","templated":true}]}}