{"id":1297,"date":"2025-06-19T12:53:46","date_gmt":"2025-06-19T10:53:46","guid":{"rendered":"https:\/\/dev.lugano-airport.berta-bewegt.ch\/parking\/"},"modified":"2025-09-12T16:14:09","modified_gmt":"2025-09-12T14:14:09","slug":"parking","status":"publish","type":"page","link":"https:\/\/luganoairport.ch\/it\/the-airport\/parking\/","title":{"rendered":"Parcheggi"},"content":{"rendered":"\n<h4 class=\"wp-block-heading\">L\u2019accessibilit\u00e0 dei parcheggi a soli 100 m di distanza dal Terminal  vi offre un\u2019esperienza di viaggio rapida e piacevole.<\/h4>\n\n\n\n<p>A Lugano Airport sono a disposizione un parcheggio di lunga sosta con 2 postazioni per veicoli elettrici (possibilit\u00e0 di ricarica). Il parcheggio pu\u00f2 essere pagato in contanti o con la carta di credito. Al momento il servizio di prenotazione parcheggi non \u00e8 disponibile online. Grazie al citofono installato alle stazioni d\u2019uscita e sulle casse, \u00e8 possibile ottenere (24 h) informazioni in caso di guasti, perdita del biglietto o altri inconvenienti. L\u2019impianto \u00e8 inoltre completamente automatizzato ed \u00e8 sorvegliato da telecamere.<\/p>\n\n\n\n            <div class=\"accordion-block section-block-margins\" id=\"\">\n            <div class=\"accordion\">\n                                    <div class=\"accordion-item\">\n                        <div class=\"accordion-item-header-block\" data-number=\"0\">\n                            <h3 class=\"like-h4 mb_0\">Tariffe parcheggio lunga sosta <\/h3>\n                            <svg xmlns=\"http:\/\/www.w3.org\/2000\/svg\" width=\"26\" height=\"15\" viewBox=\"0 0 26 15\" fill=\"none\">\n                                <path d=\"M1 1.5L11.5858 12.8708C12.3668 13.7097 13.6332 13.7097 14.4142 12.8708L25 1.5\" stroke=\"#305272\" stroke-width=\"2\" stroke-linecap=\"round\"\/>\n                            <\/svg>\n                        <\/div>\n\n                        <div class=\"accordion-item-content-block\">\n                            <div class=\"accordion-item-content-inner-block\">\n                                                                    <div class=\"default-text-block\">\n                                        <p><b>Tariffe parcheggio lunga sosta (nuove tariffe valide dal 15 maggio 2025)<\/b><\/p>\n<table class=\"tg table\">\n<tbody>\n<tr>\n<th class=\"tg-yw4l\"><b>Ore<\/b><\/th>\n<th class=\"tg-yw4l\">0.5<\/th>\n<th class=\"tg-yw4l\">1<\/th>\n<th class=\"tg-yw4l\">1.5<\/th>\n<th class=\"tg-yw4l\">2<\/th>\n<th class=\"tg-yw4l\">2,5<\/th>\n<th class=\"tg-yw4l\">3<\/th>\n<th class=\"tg-yw4l\">3,5<\/th>\n<th class=\"tg-yw4l\">4<\/th>\n<th class=\"tg-yw4l\">5<\/th>\n<th class=\"tg-yw4l\">6<\/th>\n<th class=\"tg-yw4l\">7<\/th>\n<\/tr>\n<tr>\n<td class=\"tg-baqh\"><b>CHF<\/b><\/td>\n<td class=\"tg-baqh\">1,\u2013<\/td>\n<td class=\"tg-baqh\">2,\u2013<\/td>\n<td class=\"tg-baqh\">3,\u2013<\/td>\n<td class=\"tg-baqh\">4,\u2013<\/td>\n<td class=\"tg-baqh\">5,\u2013<\/td>\n<td class=\"tg-baqh\">6,\u2013<\/td>\n<td class=\"tg-baqh\">7,\u2013<\/td>\n<td class=\"tg-baqh\">8,\u2013<\/td>\n<td class=\"tg-baqh\">10,\u2013<\/td>\n<td class=\"tg-baqh\">12,\u2013<\/td>\n<td class=\"tg-baqh\">14,\u2013<\/td>\n<\/tr>\n<\/tbody>\n<\/table>\n<table class=\"tg table\">\n<tbody>\n<tr>\n<th class=\"tg-yw4l\"><b>Giorni<\/b><\/th>\n<th class=\"tg-yw4l\">1<\/th>\n<th class=\"tg-yw4l\">2<\/th>\n<th class=\"tg-yw4l\">3<\/th>\n<th class=\"tg-yw4l\">4<\/th>\n<th class=\"tg-yw4l\">5<\/th>\n<\/tr>\n<tr>\n<td class=\"tg-baqh\"><b>CHF<\/b><\/td>\n<td class=\"tg-baqh\">30,\u2013<\/td>\n<td class=\"tg-baqh\">40,\u2013<\/td>\n<td class=\"tg-baqh\">55,\u2013<\/td>\n<td class=\"tg-baqh\">70,\u2013<\/td>\n<td class=\"tg-baqh\">85,\u2013<\/td>\n<\/tr>\n<\/tbody>\n<\/table>\n<p>\u00c8 inoltre disponibile un parcheggio a sosta breve della durata massima di 90 minuti.Per ogni giorno supplementare, a partire dal 3\u00b0 giorno, vengono conteggiati CHF 15.00. Le tariffe sono soggette a modifiche.<\/p>\n                                    <\/div>\n                                                            <\/div>\n                        <\/div>\n                    <\/div>\n                                        <div class=\"accordion-item\">\n                        <div class=\"accordion-item-header-block\" data-number=\"1\">\n                            <h3 class=\"like-h4 mb_0\">Parcheggio sosta breve<\/h3>\n                            <svg xmlns=\"http:\/\/www.w3.org\/2000\/svg\" width=\"26\" height=\"15\" viewBox=\"0 0 26 15\" fill=\"none\">\n                                <path d=\"M1 1.5L11.5858 12.8708C12.3668 13.7097 13.6332 13.7097 14.4142 12.8708L25 1.5\" stroke=\"#305272\" stroke-width=\"2\" stroke-linecap=\"round\"\/>\n                            <\/svg>\n                        <\/div>\n\n                        <div class=\"accordion-item-content-block\">\n                            <div class=\"accordion-item-content-inner-block\">\n                                                                    <div class=\"default-text-block\">\n                                        <table class=\"tg table\">\n<tbody>\n<tr>\n<th class=\"tg-yw4l\"><b>Minuti<\/b><\/th>\n<th class=\"tg-yw4l\">30<\/th>\n<th class=\"tg-yw4l\">60<\/th>\n<th class=\"tg-yw4l\">90<\/th>\n<\/tr>\n<tr>\n<td class=\"tg-baqh\"><b>CHF<\/b><\/td>\n<td class=\"tg-baqh\">1,\u2013<\/td>\n<td class=\"tg-baqh\">2,\u2013<\/td>\n<td class=\"tg-baqh\">3,\u2013<\/td>\n<\/tr>\n<\/tbody>\n<\/table>\n<p>&nbsp;<\/p>\n                                    <\/div>\n                                                            <\/div>\n                        <\/div>\n                    <\/div>\n                                <\/div>\n        <\/div>\n    \n\n\n\n<p><em>Lugano Airport declina ogni responsabilit\u00e0 per qualsiasi danno che possano subire persone o cose nei parcheggi e per furti di veicoli, accessori o oggetti lasciati nelle autovetture.<\/em><\/p>\n","protected":false},"excerpt":{"rendered":"<p>L\u2019accessibilit\u00e0 dei parcheggi a soli 100 m di distanza dal Terminal vi offre un\u2019esperienza di viaggio rapida e piacevole. A Lugano Airport sono a disposizione un parcheggio di lunga sosta con 2 postazioni per veicoli elettrici (possibilit\u00e0 di ricarica). Il parcheggio pu\u00f2 essere pagato in contanti o con la carta di credito. Al momento il [&hellip;]<\/p>\n","protected":false},"author":1,"featured_media":880,"parent":1299,"menu_order":0,"comment_status":"closed","ping_status":"closed","template":"","meta":{"_acf_changed":false,"inline_featured_image":false,"footnotes":""},"class_list":["post-1297","page","type-page","status-publish","has-post-thumbnail","hentry"],"acf":[],"yoast_head":"<!-- This site is optimized with the Yoast SEO plugin v26.5 - https:\/\/yoast.com\/wordpress\/plugins\/seo\/ -->\n<title>Parcheggi - Lugano Airport<\/title>\n<meta name=\"robots\" content=\"index, follow, max-snippet:-1, max-image-preview:large, max-video-preview:-1\" \/>\n<link rel=\"canonical\" href=\"https:\/\/luganoairport.ch\/it\/the-airport\/parking\/\" \/>\n<meta property=\"og:locale\" content=\"it_IT\" \/>\n<meta property=\"og:type\" content=\"article\" \/>\n<meta property=\"og:title\" content=\"Parcheggi - Lugano Airport\" \/>\n<meta property=\"og:description\" content=\"L\u2019accessibilit\u00e0 dei parcheggi a soli 100 m di distanza dal Terminal vi offre un\u2019esperienza di viaggio rapida e piacevole. A Lugano Airport sono a disposizione un parcheggio di lunga sosta con 2 postazioni per veicoli elettrici (possibilit\u00e0 di ricarica). Il parcheggio pu\u00f2 essere pagato in contanti o con la carta di credito. Al momento il [&hellip;]\" \/>\n<meta property=\"og:url\" content=\"https:\/\/luganoairport.ch\/it\/the-airport\/parking\/\" \/>\n<meta property=\"og:site_name\" content=\"Lugano Airport\" \/>\n<meta property=\"article:modified_time\" content=\"2025-09-12T14:14:09+00:00\" \/>\n<meta property=\"og:image\" content=\"https:\/\/luganoairport.ch\/wp-content\/uploads\/2025\/08\/carpark-scaled.png\" \/>\n\t<meta property=\"og:image:width\" content=\"2560\" \/>\n\t<meta property=\"og:image:height\" content=\"1054\" \/>\n\t<meta property=\"og:image:type\" content=\"image\/png\" \/>\n<meta name=\"twitter:card\" content=\"summary_large_image\" \/>\n<meta name=\"twitter:label1\" content=\"Est. reading time\" \/>\n\t<meta name=\"twitter:data1\" content=\"1 minuto\" \/>\n<script type=\"application\/ld+json\" class=\"yoast-schema-graph\">{\"@context\":\"https:\/\/schema.org\",\"@graph\":[{\"@type\":\"WebPage\",\"@id\":\"https:\/\/luganoairport.ch\/it\/the-airport\/parking\/\",\"url\":\"https:\/\/luganoairport.ch\/it\/the-airport\/parking\/\",\"name\":\"Parcheggi - Lugano Airport\",\"isPartOf\":{\"@id\":\"https:\/\/luganoairport.ch\/#website\"},\"primaryImageOfPage\":{\"@id\":\"https:\/\/luganoairport.ch\/it\/the-airport\/parking\/#primaryimage\"},\"image\":{\"@id\":\"https:\/\/luganoairport.ch\/it\/the-airport\/parking\/#primaryimage\"},\"thumbnailUrl\":\"https:\/\/luganoairport.ch\/wp-content\/uploads\/2025\/08\/carpark-scaled.png\",\"datePublished\":\"2025-06-19T10:53:46+00:00\",\"dateModified\":\"2025-09-12T14:14:09+00:00\",\"breadcrumb\":{\"@id\":\"https:\/\/luganoairport.ch\/it\/the-airport\/parking\/#breadcrumb\"},\"inLanguage\":\"it-IT\",\"potentialAction\":[{\"@type\":\"ReadAction\",\"target\":[\"https:\/\/luganoairport.ch\/it\/the-airport\/parking\/\"]}]},{\"@type\":\"ImageObject\",\"inLanguage\":\"it-IT\",\"@id\":\"https:\/\/luganoairport.ch\/it\/the-airport\/parking\/#primaryimage\",\"url\":\"https:\/\/luganoairport.ch\/wp-content\/uploads\/2025\/08\/carpark-scaled.png\",\"contentUrl\":\"https:\/\/luganoairport.ch\/wp-content\/uploads\/2025\/08\/carpark-scaled.png\",\"width\":2560,\"height\":1054},{\"@type\":\"BreadcrumbList\",\"@id\":\"https:\/\/luganoairport.ch\/it\/the-airport\/parking\/#breadcrumb\",\"itemListElement\":[{\"@type\":\"ListItem\",\"position\":1,\"name\":\"Home\",\"item\":\"https:\/\/luganoairport.ch\/it\/\"},{\"@type\":\"ListItem\",\"position\":2,\"name\":\"L&#8217;aeroporto\",\"item\":\"https:\/\/luganoairport.ch\/it\/the-airport\/\"},{\"@type\":\"ListItem\",\"position\":3,\"name\":\"Parcheggi\"}]},{\"@type\":\"WebSite\",\"@id\":\"https:\/\/luganoairport.ch\/#website\",\"url\":\"https:\/\/luganoairport.ch\/\",\"name\":\"Lugano airport\",\"description\":\"\",\"publisher\":{\"@id\":\"https:\/\/luganoairport.ch\/#organization\"},\"potentialAction\":[{\"@type\":\"SearchAction\",\"target\":{\"@type\":\"EntryPoint\",\"urlTemplate\":\"https:\/\/luganoairport.ch\/?s={search_term_string}\"},\"query-input\":{\"@type\":\"PropertyValueSpecification\",\"valueRequired\":true,\"valueName\":\"search_term_string\"}}],\"inLanguage\":\"it-IT\"},{\"@type\":\"Organization\",\"@id\":\"https:\/\/luganoairport.ch\/#organization\",\"name\":\"Lugano airport\",\"url\":\"https:\/\/luganoairport.ch\/\",\"logo\":{\"@type\":\"ImageObject\",\"inLanguage\":\"it-IT\",\"@id\":\"https:\/\/luganoairport.ch\/#\/schema\/logo\/image\/\",\"url\":\"https:\/\/luganoairport.ch\/wp-content\/uploads\/2025\/06\/Logo.svg\",\"contentUrl\":\"https:\/\/luganoairport.ch\/wp-content\/uploads\/2025\/06\/Logo.svg\",\"width\":168,\"height\":24,\"caption\":\"Lugano airport\"},\"image\":{\"@id\":\"https:\/\/luganoairport.ch\/#\/schema\/logo\/image\/\"}}]}<\/script>\n<!-- \/ Yoast SEO plugin. -->","yoast_head_json":{"title":"Parcheggi - Lugano Airport","robots":{"index":"index","follow":"follow","max-snippet":"max-snippet:-1","max-image-preview":"max-image-preview:large","max-video-preview":"max-video-preview:-1"},"canonical":"https:\/\/luganoairport.ch\/it\/the-airport\/parking\/","og_locale":"it_IT","og_type":"article","og_title":"Parcheggi - Lugano Airport","og_description":"L\u2019accessibilit\u00e0 dei parcheggi a soli 100 m di distanza dal Terminal vi offre un\u2019esperienza di viaggio rapida e piacevole. A Lugano Airport sono a disposizione un parcheggio di lunga sosta con 2 postazioni per veicoli elettrici (possibilit\u00e0 di ricarica). Il parcheggio pu\u00f2 essere pagato in contanti o con la carta di credito. Al momento il [&hellip;]","og_url":"https:\/\/luganoairport.ch\/it\/the-airport\/parking\/","og_site_name":"Lugano Airport","article_modified_time":"2025-09-12T14:14:09+00:00","og_image":[{"width":2560,"height":1054,"url":"https:\/\/luganoairport.ch\/wp-content\/uploads\/2025\/08\/carpark-scaled.png","type":"image\/png"}],"twitter_card":"summary_large_image","twitter_misc":{"Est. reading time":"1 minuto"},"schema":{"@context":"https:\/\/schema.org","@graph":[{"@type":"WebPage","@id":"https:\/\/luganoairport.ch\/it\/the-airport\/parking\/","url":"https:\/\/luganoairport.ch\/it\/the-airport\/parking\/","name":"Parcheggi - Lugano Airport","isPartOf":{"@id":"https:\/\/luganoairport.ch\/#website"},"primaryImageOfPage":{"@id":"https:\/\/luganoairport.ch\/it\/the-airport\/parking\/#primaryimage"},"image":{"@id":"https:\/\/luganoairport.ch\/it\/the-airport\/parking\/#primaryimage"},"thumbnailUrl":"https:\/\/luganoairport.ch\/wp-content\/uploads\/2025\/08\/carpark-scaled.png","datePublished":"2025-06-19T10:53:46+00:00","dateModified":"2025-09-12T14:14:09+00:00","breadcrumb":{"@id":"https:\/\/luganoairport.ch\/it\/the-airport\/parking\/#breadcrumb"},"inLanguage":"it-IT","potentialAction":[{"@type":"ReadAction","target":["https:\/\/luganoairport.ch\/it\/the-airport\/parking\/"]}]},{"@type":"ImageObject","inLanguage":"it-IT","@id":"https:\/\/luganoairport.ch\/it\/the-airport\/parking\/#primaryimage","url":"https:\/\/luganoairport.ch\/wp-content\/uploads\/2025\/08\/carpark-scaled.png","contentUrl":"https:\/\/luganoairport.ch\/wp-content\/uploads\/2025\/08\/carpark-scaled.png","width":2560,"height":1054},{"@type":"BreadcrumbList","@id":"https:\/\/luganoairport.ch\/it\/the-airport\/parking\/#breadcrumb","itemListElement":[{"@type":"ListItem","position":1,"name":"Home","item":"https:\/\/luganoairport.ch\/it\/"},{"@type":"ListItem","position":2,"name":"L&#8217;aeroporto","item":"https:\/\/luganoairport.ch\/it\/the-airport\/"},{"@type":"ListItem","position":3,"name":"Parcheggi"}]},{"@type":"WebSite","@id":"https:\/\/luganoairport.ch\/#website","url":"https:\/\/luganoairport.ch\/","name":"Lugano airport","description":"","publisher":{"@id":"https:\/\/luganoairport.ch\/#organization"},"potentialAction":[{"@type":"SearchAction","target":{"@type":"EntryPoint","urlTemplate":"https:\/\/luganoairport.ch\/?s={search_term_string}"},"query-input":{"@type":"PropertyValueSpecification","valueRequired":true,"valueName":"search_term_string"}}],"inLanguage":"it-IT"},{"@type":"Organization","@id":"https:\/\/luganoairport.ch\/#organization","name":"Lugano airport","url":"https:\/\/luganoairport.ch\/","logo":{"@type":"ImageObject","inLanguage":"it-IT","@id":"https:\/\/luganoairport.ch\/#\/schema\/logo\/image\/","url":"https:\/\/luganoairport.ch\/wp-content\/uploads\/2025\/06\/Logo.svg","contentUrl":"https:\/\/luganoairport.ch\/wp-content\/uploads\/2025\/06\/Logo.svg","width":168,"height":24,"caption":"Lugano airport"},"image":{"@id":"https:\/\/luganoairport.ch\/#\/schema\/logo\/image\/"}}]}},"_links":{"self":[{"href":"https:\/\/luganoairport.ch\/it\/wp-json\/wp\/v2\/pages\/1297","targetHints":{"allow":["GET"]}}],"collection":[{"href":"https:\/\/luganoairport.ch\/it\/wp-json\/wp\/v2\/pages"}],"about":[{"href":"https:\/\/luganoairport.ch\/it\/wp-json\/wp\/v2\/types\/page"}],"author":[{"embeddable":true,"href":"https:\/\/luganoairport.ch\/it\/wp-json\/wp\/v2\/users\/1"}],"replies":[{"embeddable":true,"href":"https:\/\/luganoairport.ch\/it\/wp-json\/wp\/v2\/comments?post=1297"}],"version-history":[{"count":3,"href":"https:\/\/luganoairport.ch\/it\/wp-json\/wp\/v2\/pages\/1297\/revisions"}],"predecessor-version":[{"id":1467,"href":"https:\/\/luganoairport.ch\/it\/wp-json\/wp\/v2\/pages\/1297\/revisions\/1467"}],"up":[{"embeddable":true,"href":"https:\/\/luganoairport.ch\/it\/wp-json\/wp\/v2\/pages\/1299"}],"wp:featuredmedia":[{"embeddable":true,"href":"https:\/\/luganoairport.ch\/it\/wp-json\/wp\/v2\/media\/880"}],"wp:attachment":[{"href":"https:\/\/luganoairport.ch\/it\/wp-json\/wp\/v2\/media?parent=1297"}],"curies":[{"name":"wp","href":"https:\/\/api.w.org\/{rel}","templated":true}]}}