{"id":1298,"date":"2025-06-19T12:53:37","date_gmt":"2025-06-19T10:53:37","guid":{"rendered":"https:\/\/dev.lugano-airport.berta-bewegt.ch\/how-to-reach-us\/"},"modified":"2025-11-24T17:02:04","modified_gmt":"2025-11-24T16:02:04","slug":"how-to-reach-us","status":"publish","type":"page","link":"https:\/\/luganoairport.ch\/it\/the-airport\/how-to-reach-us\/","title":{"rendered":"Come raggiungerci"},"content":{"rendered":"\n<p>Che viaggiate in treno, in auto o in bus, siamo collegati direttamente alla Citt\u00e0 di Lugano in diversi modi e, se viaggiate in treno, distiamo meno di mezz&#8217;ora.<\/p>\n\n\n\n<p>Scegliete il vostro mezzo di trasporto preferito qui sotto per saperne di pi\u00f9 su ciascuno di essi ed esplorare la comodit\u00e0 e l&#8217;accessibilit\u00e0 della nostra posizione, che garantisce un viaggio senza intoppi da e verso la citt\u00e0 di Lugano, indipendentemente dal mezzo di trasporto utilizzato.<\/p>\n\n\n\n            <div class=\"accordion-block section-block-margins\" id=\"\">\n            <div class=\"accordion\">\n                                    <div class=\"accordion-item\">\n                        <div class=\"accordion-item-header-block\" data-number=\"0\">\n                            <h3 class=\"like-h4 mb_0\">Trasporti pubblici<\/h3>\n                            <svg xmlns=\"http:\/\/www.w3.org\/2000\/svg\" width=\"26\" height=\"15\" viewBox=\"0 0 26 15\" fill=\"none\">\n                                <path d=\"M1 1.5L11.5858 12.8708C12.3668 13.7097 13.6332 13.7097 14.4142 12.8708L25 1.5\" stroke=\"#305272\" stroke-width=\"2\" stroke-linecap=\"round\"\/>\n                            <\/svg>\n                        <\/div>\n\n                        <div class=\"accordion-item-content-block\">\n                            <div class=\"accordion-item-content-inner-block\">\n                                                                    <div class=\"default-text-block\">\n                                        <h4 class=\"secondary-section\"><\/h4>\n<p>\u00c8 possibile raggiungere l&#8217;aeroporto di Lugano facilmente anche in treno, grazie al servizio ferroviario Lugano-Ponte Tresa (FLP) che parte proprio di fronte alla stazione stazione principale di Lugano. Dalla fermata di Agno \u00e8 possibile raggiungere l&#8217;aeroporto in 10 minuti a piedi.<\/p>\n<p>Il servizio \u00e8 attivo giornalmente.<\/p>\n<p>Per maggiori informazioni relative agli orari ed i costi vi preghiamo di visitare la <a href=\"http:\/\/www.flpsa.ch\" target=\"_blank\" rel=\"noopener\">pagina web FLP<\/a>.<\/p>\n<p>Orari: Luned\u00ec-Venerd\u00ec: ogni 15 minuti dalle 06:25 alle 20:10. Domenica e festivi: ogni 30 minuti<\/p>\n                                    <\/div>\n                                                            <\/div>\n                        <\/div>\n                    <\/div>\n                                <\/div>\n        <\/div>\n    \n\n\n\n            <div class=\"accordion-block section-block-margins\" id=\"\">\n            <div class=\"accordion\">\n                                    <div class=\"accordion-item\">\n                        <div class=\"accordion-item-header-block\" data-number=\"0\">\n                            <h3 class=\"like-h4 mb_0\">Auto e parcheggi<\/h3>\n                            <svg xmlns=\"http:\/\/www.w3.org\/2000\/svg\" width=\"26\" height=\"15\" viewBox=\"0 0 26 15\" fill=\"none\">\n                                <path d=\"M1 1.5L11.5858 12.8708C12.3668 13.7097 13.6332 13.7097 14.4142 12.8708L25 1.5\" stroke=\"#305272\" stroke-width=\"2\" stroke-linecap=\"round\"\/>\n                            <\/svg>\n                        <\/div>\n\n                        <div class=\"accordion-item-content-block\">\n                            <div class=\"accordion-item-content-inner-block\">\n                                                                    <div class=\"default-text-block\">\n                                        <h4 class=\"secondary-section\">Come raggiungerci in automobile<\/h4>\n<p>L\u2019autostrada A2 Milano-Basilea vi permette di arrivare a Lugano Airport con estrema facilit\u00e0. L\u2019aeroporto \u00e8 distante 70 km da Milano, 30 km da Locarno e Como e 20 km da Bellinzona. Dall\u2019uscita Lugano Nord si prosegue in direzione di Ponte Tresa-Agno.<\/p>\n<h4 class=\"secondary-section\">Parcheggi<\/h4>\n<p>Il parcheggio \u00e8 facilmente accessibile e situato a soli 100 metri dall&#8217;ingresso del Terminal, per garantire un&#8217;esperienza di viaggio rapida e piacevole.<\/p>\n<h4 class=\"secondary-section\">Posteggi a sosta di lunga durata<\/h4>\n<p>All&#8217;aeroporto di Lugano \u00e8 disponibile un parcheggio a sosta di lunga durata. Si prega di notare che sono presenti anche due posti auto per veicoli elettrici (con dispositivi di ricarica). \u00c8 possibile pagare in contanti o con carta di credito. Al momento non \u00e8 possibile prenotare online. La struttura \u00e8 completamente automatizzata e sorvegliata da telecamere.<\/p>\n<table style=\"border-collapse: collapse; width: 100%;\">\n<tbody>\n<tr>\n<td style=\"width: 8.33%;\"><b>Ore<\/b><\/td>\n<td style=\"width: 8.33%;\">0.5<\/td>\n<td style=\"width: 8.33%;\">1<\/td>\n<td style=\"width: 8.33%;\">1.5<\/td>\n<td style=\"width: 8.33%;\">2<\/td>\n<td style=\"width: 8.33%;\">2.5<\/td>\n<td style=\"width: 8.33%;\">3<\/td>\n<td style=\"width: 8.33%;\">3.5<\/td>\n<td style=\"width: 8.33%;\">4<\/td>\n<td style=\"width: 8.33%;\">5<\/td>\n<td style=\"width: 8.33%;\">6<\/td>\n<td style=\"width: 8.33%;\">7<\/td>\n<\/tr>\n<tr>\n<td style=\"width: 8.33%;\"><b>CHF<\/b><\/td>\n<td style=\"width: 8.33%;\">1,-<\/td>\n<td style=\"width: 8.33%;\">2,-<\/td>\n<td style=\"width: 8.33%;\">3,-<\/td>\n<td style=\"width: 8.33%;\">4,-<\/td>\n<td style=\"width: 8.33%;\">5,-<\/td>\n<td style=\"width: 8.33%;\">6,-<\/td>\n<td style=\"width: 8.33%;\">7,-<\/td>\n<td style=\"width: 8.33%;\">8,-<\/td>\n<td style=\"width: 8.33%;\">10,-<\/td>\n<td style=\"width: 8.33%;\">12,-<\/td>\n<td style=\"width: 8.33%;\">14,-<\/td>\n<\/tr>\n<\/tbody>\n<\/table>\n<table style=\"border-collapse: collapse; width: 100%; height: 48px;\">\n<tbody>\n<tr style=\"height: 24px;\">\n<td style=\"width: 16.6667%; height: 24px;\"><b>Giorni<\/b><\/td>\n<td style=\"width: 16.6667%; height: 24px;\">1<\/td>\n<td style=\"width: 16.6667%; height: 24px;\">2<\/td>\n<td style=\"width: 16.6667%; height: 24px;\">3<\/td>\n<td style=\"width: 16.6667%; height: 24px;\">4<\/td>\n<td style=\"width: 16.6667%; height: 24px;\">5<\/td>\n<\/tr>\n<tr style=\"height: 24px;\">\n<td style=\"width: 16.6667%; height: 24px;\"><b>CHF<\/b><\/td>\n<td style=\"width: 16.6667%; height: 24px;\">30,-<\/td>\n<td style=\"width: 16.6667%; height: 24px;\">40,-<\/td>\n<td style=\"width: 16.6667%; height: 24px;\">55,-<\/td>\n<td style=\"width: 16.6667%; height: 24px;\">70,-<\/td>\n<td style=\"width: 16.6667%; height: 24px;\">85.-<\/td>\n<\/tr>\n<\/tbody>\n<\/table>\n<p>&nbsp;<\/p>\n<p>Per ogni giorno aggiuntivo, dopo il terzo giorno, il costo \u00e8 di CHF 15.00. Si prega di considerare che le tariffe possono essere soggette a modifica.<\/p>\n<h4 class=\"secondary-section\">Parcheggio sosta breve<\/h4>\n<p>A Lugano Airport \u00e8 disponibile un parcheggio a sosta breve (durata massima 90 minuti).<\/p>\n<table style=\"border-collapse: collapse; width: 100%; height: 48px;\">\n<tbody>\n<tr style=\"height: 24px;\">\n<td style=\"width: 25%; height: 24px;\"><strong>Minuti<\/strong><\/td>\n<td style=\"width: 25%; height: 24px;\">30<\/td>\n<td style=\"width: 25%; height: 24px;\">60<\/td>\n<td style=\"width: 25%; height: 24px;\">90<\/td>\n<\/tr>\n<tr style=\"height: 24px;\">\n<td style=\"width: 25%; height: 24px;\"><strong>CHF<\/strong><\/td>\n<td style=\"width: 25%; height: 24px;\">1,-<\/td>\n<td style=\"width: 25%; height: 24px;\">2,-<\/td>\n<td style=\"width: 25%; height: 24px;\">3,-<\/td>\n<\/tr>\n<\/tbody>\n<\/table>\n<p>&nbsp;<\/p>\n<p><em>Lugano Airport declina ogni responsabilit\u00e0 per eventuali danni a persone o cose nell&#8217;area di parcheggio, per furto di veicoli, accessori o oggetti lasciati all&#8217;interno del veicolo.<\/em><\/p>\n                                    <\/div>\n                                                            <\/div>\n                        <\/div>\n                    <\/div>\n                                <\/div>\n        <\/div>\n    \n\n\n\n            <div class=\"accordion-block section-block-margins\" id=\"\">\n            <div class=\"accordion\">\n                                    <div class=\"accordion-item\">\n                        <div class=\"accordion-item-header-block\" data-number=\"0\">\n                            <h3 class=\"like-h4 mb_0\">Taxi<\/h3>\n                            <svg xmlns=\"http:\/\/www.w3.org\/2000\/svg\" width=\"26\" height=\"15\" viewBox=\"0 0 26 15\" fill=\"none\">\n                                <path d=\"M1 1.5L11.5858 12.8708C12.3668 13.7097 13.6332 13.7097 14.4142 12.8708L25 1.5\" stroke=\"#305272\" stroke-width=\"2\" stroke-linecap=\"round\"\/>\n                            <\/svg>\n                        <\/div>\n\n                        <div class=\"accordion-item-content-block\">\n                            <div class=\"accordion-item-content-inner-block\">\n                                                                    <div class=\"default-text-block\">\n                                        <p class=\"secondary-section\">I taxi autorizzati offrono un regolare servizio di trasporto 7 giorni su 7, dalle\u00a0 7:00h alle 20:00h.<\/p>\n<p class=\"secondary-section\"><strong>Prenotazioni<\/strong>:<br \/>\nTel: +41 91 605 25 10<br \/>\nFax: +41 91 605 32 73<br \/>\nEmail:\u00a0<a href=\"https:\/\/www.luganoairport.ch\/en\/to-from-airport\/airporttaxilugano@bluewin.ch\">airporttaxilugano@bluewin.ch<\/a><\/p>\n<p><strong>Tariffe indicative:\u00a0<\/strong><br \/>\nLugano City: CHF 40.\u2013<br \/>\nAltre destinazioni: su richiesta<\/p>\n                                    <\/div>\n                                                            <\/div>\n                        <\/div>\n                    <\/div>\n                                <\/div>\n        <\/div>\n    \n\n\n\n<h2 class=\"wp-block-heading\"><\/h2>\n\n\n\n<p><\/p>\n\n\n\n<p><\/p>\n\n\n\n<h2 class=\"wp-block-heading\"><\/h2>\n\n\n\n<p><\/p>\n","protected":false},"excerpt":{"rendered":"<p>Che viaggiate in treno, in auto o in bus, siamo collegati direttamente alla Citt\u00e0 di Lugano in diversi modi e, se viaggiate in treno, distiamo meno di mezz&#8217;ora. Scegliete il vostro mezzo di trasporto preferito qui sotto per saperne di pi\u00f9 su ciascuno di essi ed esplorare la comodit\u00e0 e l&#8217;accessibilit\u00e0 della nostra posizione, che [&hellip;]<\/p>\n","protected":false},"author":1,"featured_media":931,"parent":1299,"menu_order":0,"comment_status":"closed","ping_status":"closed","template":"","meta":{"_acf_changed":false,"inline_featured_image":false,"footnotes":""},"class_list":["post-1298","page","type-page","status-publish","has-post-thumbnail","hentry"],"acf":[],"yoast_head":"<!-- This site is optimized with the Yoast SEO plugin v26.5 - https:\/\/yoast.com\/wordpress\/plugins\/seo\/ -->\n<title>Come raggiungerci - Lugano Airport<\/title>\n<meta name=\"robots\" content=\"index, follow, max-snippet:-1, max-image-preview:large, max-video-preview:-1\" \/>\n<link rel=\"canonical\" href=\"https:\/\/luganoairport.ch\/it\/the-airport\/how-to-reach-us\/\" \/>\n<meta property=\"og:locale\" content=\"it_IT\" \/>\n<meta property=\"og:type\" content=\"article\" \/>\n<meta property=\"og:title\" content=\"Come raggiungerci - Lugano Airport\" \/>\n<meta property=\"og:description\" content=\"Che viaggiate in treno, in auto o in bus, siamo collegati direttamente alla Citt\u00e0 di Lugano in diversi modi e, se viaggiate in treno, distiamo meno di mezz&#8217;ora. Scegliete il vostro mezzo di trasporto preferito qui sotto per saperne di pi\u00f9 su ciascuno di essi ed esplorare la comodit\u00e0 e l&#8217;accessibilit\u00e0 della nostra posizione, che [&hellip;]\" \/>\n<meta property=\"og:url\" content=\"https:\/\/luganoairport.ch\/it\/the-airport\/how-to-reach-us\/\" \/>\n<meta property=\"og:site_name\" content=\"Lugano Airport\" \/>\n<meta property=\"article:modified_time\" content=\"2025-11-24T16:02:04+00:00\" \/>\n<meta property=\"og:image\" content=\"https:\/\/luganoairport.ch\/wp-content\/uploads\/2025\/08\/pexels-denis-sllovinja-260504482-30758253-scaled.jpg\" \/>\n\t<meta property=\"og:image:width\" content=\"2560\" \/>\n\t<meta property=\"og:image:height\" content=\"1441\" \/>\n\t<meta property=\"og:image:type\" content=\"image\/jpeg\" \/>\n<meta name=\"twitter:card\" content=\"summary_large_image\" \/>\n<meta name=\"twitter:label1\" content=\"Est. reading time\" \/>\n\t<meta name=\"twitter:data1\" content=\"1 minuto\" \/>\n<script type=\"application\/ld+json\" class=\"yoast-schema-graph\">{\"@context\":\"https:\/\/schema.org\",\"@graph\":[{\"@type\":\"WebPage\",\"@id\":\"https:\/\/luganoairport.ch\/it\/the-airport\/how-to-reach-us\/\",\"url\":\"https:\/\/luganoairport.ch\/it\/the-airport\/how-to-reach-us\/\",\"name\":\"Come raggiungerci - Lugano Airport\",\"isPartOf\":{\"@id\":\"https:\/\/luganoairport.ch\/#website\"},\"primaryImageOfPage\":{\"@id\":\"https:\/\/luganoairport.ch\/it\/the-airport\/how-to-reach-us\/#primaryimage\"},\"image\":{\"@id\":\"https:\/\/luganoairport.ch\/it\/the-airport\/how-to-reach-us\/#primaryimage\"},\"thumbnailUrl\":\"https:\/\/luganoairport.ch\/wp-content\/uploads\/2025\/08\/pexels-denis-sllovinja-260504482-30758253-scaled.jpg\",\"datePublished\":\"2025-06-19T10:53:37+00:00\",\"dateModified\":\"2025-11-24T16:02:04+00:00\",\"breadcrumb\":{\"@id\":\"https:\/\/luganoairport.ch\/it\/the-airport\/how-to-reach-us\/#breadcrumb\"},\"inLanguage\":\"it-IT\",\"potentialAction\":[{\"@type\":\"ReadAction\",\"target\":[\"https:\/\/luganoairport.ch\/it\/the-airport\/how-to-reach-us\/\"]}]},{\"@type\":\"ImageObject\",\"inLanguage\":\"it-IT\",\"@id\":\"https:\/\/luganoairport.ch\/it\/the-airport\/how-to-reach-us\/#primaryimage\",\"url\":\"https:\/\/luganoairport.ch\/wp-content\/uploads\/2025\/08\/pexels-denis-sllovinja-260504482-30758253-scaled.jpg\",\"contentUrl\":\"https:\/\/luganoairport.ch\/wp-content\/uploads\/2025\/08\/pexels-denis-sllovinja-260504482-30758253-scaled.jpg\",\"width\":2560,\"height\":1441},{\"@type\":\"BreadcrumbList\",\"@id\":\"https:\/\/luganoairport.ch\/it\/the-airport\/how-to-reach-us\/#breadcrumb\",\"itemListElement\":[{\"@type\":\"ListItem\",\"position\":1,\"name\":\"Home\",\"item\":\"https:\/\/luganoairport.ch\/it\/\"},{\"@type\":\"ListItem\",\"position\":2,\"name\":\"L&#8217;aeroporto\",\"item\":\"https:\/\/luganoairport.ch\/it\/the-airport\/\"},{\"@type\":\"ListItem\",\"position\":3,\"name\":\"Come raggiungerci\"}]},{\"@type\":\"WebSite\",\"@id\":\"https:\/\/luganoairport.ch\/#website\",\"url\":\"https:\/\/luganoairport.ch\/\",\"name\":\"Lugano airport\",\"description\":\"\",\"publisher\":{\"@id\":\"https:\/\/luganoairport.ch\/#organization\"},\"potentialAction\":[{\"@type\":\"SearchAction\",\"target\":{\"@type\":\"EntryPoint\",\"urlTemplate\":\"https:\/\/luganoairport.ch\/?s={search_term_string}\"},\"query-input\":{\"@type\":\"PropertyValueSpecification\",\"valueRequired\":true,\"valueName\":\"search_term_string\"}}],\"inLanguage\":\"it-IT\"},{\"@type\":\"Organization\",\"@id\":\"https:\/\/luganoairport.ch\/#organization\",\"name\":\"Lugano airport\",\"url\":\"https:\/\/luganoairport.ch\/\",\"logo\":{\"@type\":\"ImageObject\",\"inLanguage\":\"it-IT\",\"@id\":\"https:\/\/luganoairport.ch\/#\/schema\/logo\/image\/\",\"url\":\"https:\/\/luganoairport.ch\/wp-content\/uploads\/2025\/06\/Logo.svg\",\"contentUrl\":\"https:\/\/luganoairport.ch\/wp-content\/uploads\/2025\/06\/Logo.svg\",\"width\":168,\"height\":24,\"caption\":\"Lugano airport\"},\"image\":{\"@id\":\"https:\/\/luganoairport.ch\/#\/schema\/logo\/image\/\"}}]}<\/script>\n<!-- \/ Yoast SEO plugin. -->","yoast_head_json":{"title":"Come raggiungerci - Lugano Airport","robots":{"index":"index","follow":"follow","max-snippet":"max-snippet:-1","max-image-preview":"max-image-preview:large","max-video-preview":"max-video-preview:-1"},"canonical":"https:\/\/luganoairport.ch\/it\/the-airport\/how-to-reach-us\/","og_locale":"it_IT","og_type":"article","og_title":"Come raggiungerci - Lugano Airport","og_description":"Che viaggiate in treno, in auto o in bus, siamo collegati direttamente alla Citt\u00e0 di Lugano in diversi modi e, se viaggiate in treno, distiamo meno di mezz&#8217;ora. Scegliete il vostro mezzo di trasporto preferito qui sotto per saperne di pi\u00f9 su ciascuno di essi ed esplorare la comodit\u00e0 e l&#8217;accessibilit\u00e0 della nostra posizione, che [&hellip;]","og_url":"https:\/\/luganoairport.ch\/it\/the-airport\/how-to-reach-us\/","og_site_name":"Lugano Airport","article_modified_time":"2025-11-24T16:02:04+00:00","og_image":[{"width":2560,"height":1441,"url":"https:\/\/luganoairport.ch\/wp-content\/uploads\/2025\/08\/pexels-denis-sllovinja-260504482-30758253-scaled.jpg","type":"image\/jpeg"}],"twitter_card":"summary_large_image","twitter_misc":{"Est. reading time":"1 minuto"},"schema":{"@context":"https:\/\/schema.org","@graph":[{"@type":"WebPage","@id":"https:\/\/luganoairport.ch\/it\/the-airport\/how-to-reach-us\/","url":"https:\/\/luganoairport.ch\/it\/the-airport\/how-to-reach-us\/","name":"Come raggiungerci - Lugano Airport","isPartOf":{"@id":"https:\/\/luganoairport.ch\/#website"},"primaryImageOfPage":{"@id":"https:\/\/luganoairport.ch\/it\/the-airport\/how-to-reach-us\/#primaryimage"},"image":{"@id":"https:\/\/luganoairport.ch\/it\/the-airport\/how-to-reach-us\/#primaryimage"},"thumbnailUrl":"https:\/\/luganoairport.ch\/wp-content\/uploads\/2025\/08\/pexels-denis-sllovinja-260504482-30758253-scaled.jpg","datePublished":"2025-06-19T10:53:37+00:00","dateModified":"2025-11-24T16:02:04+00:00","breadcrumb":{"@id":"https:\/\/luganoairport.ch\/it\/the-airport\/how-to-reach-us\/#breadcrumb"},"inLanguage":"it-IT","potentialAction":[{"@type":"ReadAction","target":["https:\/\/luganoairport.ch\/it\/the-airport\/how-to-reach-us\/"]}]},{"@type":"ImageObject","inLanguage":"it-IT","@id":"https:\/\/luganoairport.ch\/it\/the-airport\/how-to-reach-us\/#primaryimage","url":"https:\/\/luganoairport.ch\/wp-content\/uploads\/2025\/08\/pexels-denis-sllovinja-260504482-30758253-scaled.jpg","contentUrl":"https:\/\/luganoairport.ch\/wp-content\/uploads\/2025\/08\/pexels-denis-sllovinja-260504482-30758253-scaled.jpg","width":2560,"height":1441},{"@type":"BreadcrumbList","@id":"https:\/\/luganoairport.ch\/it\/the-airport\/how-to-reach-us\/#breadcrumb","itemListElement":[{"@type":"ListItem","position":1,"name":"Home","item":"https:\/\/luganoairport.ch\/it\/"},{"@type":"ListItem","position":2,"name":"L&#8217;aeroporto","item":"https:\/\/luganoairport.ch\/it\/the-airport\/"},{"@type":"ListItem","position":3,"name":"Come raggiungerci"}]},{"@type":"WebSite","@id":"https:\/\/luganoairport.ch\/#website","url":"https:\/\/luganoairport.ch\/","name":"Lugano airport","description":"","publisher":{"@id":"https:\/\/luganoairport.ch\/#organization"},"potentialAction":[{"@type":"SearchAction","target":{"@type":"EntryPoint","urlTemplate":"https:\/\/luganoairport.ch\/?s={search_term_string}"},"query-input":{"@type":"PropertyValueSpecification","valueRequired":true,"valueName":"search_term_string"}}],"inLanguage":"it-IT"},{"@type":"Organization","@id":"https:\/\/luganoairport.ch\/#organization","name":"Lugano airport","url":"https:\/\/luganoairport.ch\/","logo":{"@type":"ImageObject","inLanguage":"it-IT","@id":"https:\/\/luganoairport.ch\/#\/schema\/logo\/image\/","url":"https:\/\/luganoairport.ch\/wp-content\/uploads\/2025\/06\/Logo.svg","contentUrl":"https:\/\/luganoairport.ch\/wp-content\/uploads\/2025\/06\/Logo.svg","width":168,"height":24,"caption":"Lugano airport"},"image":{"@id":"https:\/\/luganoairport.ch\/#\/schema\/logo\/image\/"}}]}},"_links":{"self":[{"href":"https:\/\/luganoairport.ch\/it\/wp-json\/wp\/v2\/pages\/1298","targetHints":{"allow":["GET"]}}],"collection":[{"href":"https:\/\/luganoairport.ch\/it\/wp-json\/wp\/v2\/pages"}],"about":[{"href":"https:\/\/luganoairport.ch\/it\/wp-json\/wp\/v2\/types\/page"}],"author":[{"embeddable":true,"href":"https:\/\/luganoairport.ch\/it\/wp-json\/wp\/v2\/users\/1"}],"replies":[{"embeddable":true,"href":"https:\/\/luganoairport.ch\/it\/wp-json\/wp\/v2\/comments?post=1298"}],"version-history":[{"count":3,"href":"https:\/\/luganoairport.ch\/it\/wp-json\/wp\/v2\/pages\/1298\/revisions"}],"predecessor-version":[{"id":1802,"href":"https:\/\/luganoairport.ch\/it\/wp-json\/wp\/v2\/pages\/1298\/revisions\/1802"}],"up":[{"embeddable":true,"href":"https:\/\/luganoairport.ch\/it\/wp-json\/wp\/v2\/pages\/1299"}],"wp:featuredmedia":[{"embeddable":true,"href":"https:\/\/luganoairport.ch\/it\/wp-json\/wp\/v2\/media\/931"}],"wp:attachment":[{"href":"https:\/\/luganoairport.ch\/it\/wp-json\/wp\/v2\/media?parent=1298"}],"curies":[{"name":"wp","href":"https:\/\/api.w.org\/{rel}","templated":true}]}}